{"id":346,"date":"2024-10-10T09:24:30","date_gmt":"2024-10-10T09:24:30","guid":{"rendered":"https:\/\/opensciencedays.ch\/?page_id=346"},"modified":"2024-10-16T15:38:08","modified_gmt":"2024-10-16T15:38:08","slug":"archives-jour-2-open-research-data-et-intelligence-artificielle","status":"publish","type":"page","link":"https:\/\/opensciencedays.ch\/fr\/archives-jour-2-open-research-data-et-intelligence-artificielle\/","title":{"rendered":"Archives jour 2 : Open Research Data et Intelligence Artificielle"},"content":{"rendered":"\n<p>Lors de cette journ\u00e9e consacr\u00e9e \u00e0 l&rsquo;Open Data, nous avons d\u00e9couvert comment le partage de donn\u00e9es et les collaborations ouvertes catalysent la d\u00e9couverte, et comment les d\u00e9fis complexes d&rsquo;aujourd&rsquo;hui n\u00e9cessitent des approches transdisciplinaires pour fa\u00e7onner notre avenir collectif. Nous avons explor\u00e9 comment la convergence de la transparence des donn\u00e9es, de l\u2019accessibilit\u00e9 libre et de l\u2019interop\u00e9rabilit\u00e9 peut remodeler la mani\u00e8re dont nous abordons les d\u00e9fis scientifiques et sociaux complexes \u00e0 l\u2019\u00e8re de l\u2019intelligence artificielle.&nbsp;<\/p>\n\n\n\n<figure class=\"wp-block-gallery has-nested-images columns-default is-cropped wp-block-gallery-1 is-layout-flex wp-block-gallery-is-layout-flex\">\n<figure class=\"wp-block-image size-large\"><img loading=\"lazy\" decoding=\"async\" width=\"1024\" height=\"682\" data-id=\"383\" src=\"https:\/\/opensciencedays.ch\/wp-content\/uploads\/2024\/10\/46A2420-min-1-1024x682.jpg\" alt=\"\" class=\"wp-image-383\" srcset=\"https:\/\/opensciencedays.ch\/wp-content\/uploads\/2024\/10\/46A2420-min-1-1024x682.jpg 1024w, https:\/\/opensciencedays.ch\/wp-content\/uploads\/2024\/10\/46A2420-min-1-300x200.jpg 300w, https:\/\/opensciencedays.ch\/wp-content\/uploads\/2024\/10\/46A2420-min-1-768x512.jpg 768w, https:\/\/opensciencedays.ch\/wp-content\/uploads\/2024\/10\/46A2420-min-1-1536x1024.jpg 1536w, https:\/\/opensciencedays.ch\/wp-content\/uploads\/2024\/10\/46A2420-min-1-2048x1365.jpg 2048w, https:\/\/opensciencedays.ch\/wp-content\/uploads\/2024\/10\/46A2420-min-1-17x12.jpg 17w\" sizes=\"auto, (max-width: 1024px) 100vw, 1024px\" \/><\/figure>\n\n\n\n<figure class=\"wp-block-image size-large\"><img loading=\"lazy\" decoding=\"async\" width=\"682\" height=\"1024\" data-id=\"382\" src=\"https:\/\/opensciencedays.ch\/wp-content\/uploads\/2024\/10\/46A2453-min-682x1024.jpg\" alt=\"\" class=\"wp-image-382\" srcset=\"https:\/\/opensciencedays.ch\/wp-content\/uploads\/2024\/10\/46A2453-min-682x1024.jpg 682w, https:\/\/opensciencedays.ch\/wp-content\/uploads\/2024\/10\/46A2453-min-200x300.jpg 200w, https:\/\/opensciencedays.ch\/wp-content\/uploads\/2024\/10\/46A2453-min-768x1152.jpg 768w, https:\/\/opensciencedays.ch\/wp-content\/uploads\/2024\/10\/46A2453-min-1024x1536.jpg 1024w, https:\/\/opensciencedays.ch\/wp-content\/uploads\/2024\/10\/46A2453-min-1365x2048.jpg 1365w, https:\/\/opensciencedays.ch\/wp-content\/uploads\/2024\/10\/46A2453-min-8x12.jpg 8w\" sizes=\"auto, (max-width: 682px) 100vw, 682px\" \/><\/figure>\n\n\n\n<figure class=\"wp-block-image size-large\"><img loading=\"lazy\" decoding=\"async\" width=\"1024\" height=\"682\" data-id=\"381\" src=\"https:\/\/opensciencedays.ch\/wp-content\/uploads\/2024\/10\/46A2535-min-1024x682.jpg\" alt=\"\" class=\"wp-image-381\" srcset=\"https:\/\/opensciencedays.ch\/wp-content\/uploads\/2024\/10\/46A2535-min-1024x682.jpg 1024w, https:\/\/opensciencedays.ch\/wp-content\/uploads\/2024\/10\/46A2535-min-300x200.jpg 300w, https:\/\/opensciencedays.ch\/wp-content\/uploads\/2024\/10\/46A2535-min-768x512.jpg 768w, https:\/\/opensciencedays.ch\/wp-content\/uploads\/2024\/10\/46A2535-min-1536x1024.jpg 1536w, https:\/\/opensciencedays.ch\/wp-content\/uploads\/2024\/10\/46A2535-min-2048x1365.jpg 2048w, https:\/\/opensciencedays.ch\/wp-content\/uploads\/2024\/10\/46A2535-min-17x12.jpg 17w\" sizes=\"auto, (max-width: 1024px) 100vw, 1024px\" \/><\/figure>\n\n\n\n<figure class=\"wp-block-image size-large\"><img loading=\"lazy\" decoding=\"async\" width=\"682\" height=\"1024\" data-id=\"380\" src=\"https:\/\/opensciencedays.ch\/wp-content\/uploads\/2024\/10\/46A2621-min-682x1024.jpg\" alt=\"\" class=\"wp-image-380\" srcset=\"https:\/\/opensciencedays.ch\/wp-content\/uploads\/2024\/10\/46A2621-min-682x1024.jpg 682w, https:\/\/opensciencedays.ch\/wp-content\/uploads\/2024\/10\/46A2621-min-200x300.jpg 200w, https:\/\/opensciencedays.ch\/wp-content\/uploads\/2024\/10\/46A2621-min-768x1152.jpg 768w, https:\/\/opensciencedays.ch\/wp-content\/uploads\/2024\/10\/46A2621-min-1024x1536.jpg 1024w, https:\/\/opensciencedays.ch\/wp-content\/uploads\/2024\/10\/46A2621-min-1365x2048.jpg 1365w, https:\/\/opensciencedays.ch\/wp-content\/uploads\/2024\/10\/46A2621-min-8x12.jpg 8w, https:\/\/opensciencedays.ch\/wp-content\/uploads\/2024\/10\/46A2621-min-scaled.jpg 1706w\" sizes=\"auto, (max-width: 682px) 100vw, 682px\" \/><\/figure>\n\n\n\n<figure class=\"wp-block-image size-large\"><img loading=\"lazy\" decoding=\"async\" width=\"682\" height=\"1024\" data-id=\"385\" src=\"https:\/\/opensciencedays.ch\/wp-content\/uploads\/2024\/10\/DSCF2672-min-1-682x1024.jpg\" alt=\"\" class=\"wp-image-385\" srcset=\"https:\/\/opensciencedays.ch\/wp-content\/uploads\/2024\/10\/DSCF2672-min-1-682x1024.jpg 682w, https:\/\/opensciencedays.ch\/wp-content\/uploads\/2024\/10\/DSCF2672-min-1-200x300.jpg 200w, https:\/\/opensciencedays.ch\/wp-content\/uploads\/2024\/10\/DSCF2672-min-1-768x1152.jpg 768w, https:\/\/opensciencedays.ch\/wp-content\/uploads\/2024\/10\/DSCF2672-min-1-1024x1536.jpg 1024w, https:\/\/opensciencedays.ch\/wp-content\/uploads\/2024\/10\/DSCF2672-min-1-1365x2048.jpg 1365w, https:\/\/opensciencedays.ch\/wp-content\/uploads\/2024\/10\/DSCF2672-min-1-8x12.jpg 8w, https:\/\/opensciencedays.ch\/wp-content\/uploads\/2024\/10\/DSCF2672-min-1-scaled.jpg 1706w\" sizes=\"auto, (max-width: 682px) 100vw, 682px\" \/><\/figure>\n\n\n\n<figure class=\"wp-block-image size-large\"><img loading=\"lazy\" decoding=\"async\" width=\"1024\" height=\"682\" data-id=\"384\" src=\"https:\/\/opensciencedays.ch\/wp-content\/uploads\/2024\/10\/DSCF2683-min-1024x682.jpg\" alt=\"\" class=\"wp-image-384\" srcset=\"https:\/\/opensciencedays.ch\/wp-content\/uploads\/2024\/10\/DSCF2683-min-1024x682.jpg 1024w, https:\/\/opensciencedays.ch\/wp-content\/uploads\/2024\/10\/DSCF2683-min-300x199.jpg 300w, https:\/\/opensciencedays.ch\/wp-content\/uploads\/2024\/10\/DSCF2683-min-768x512.jpg 768w, https:\/\/opensciencedays.ch\/wp-content\/uploads\/2024\/10\/DSCF2683-min-1536x1023.jpg 1536w, https:\/\/opensciencedays.ch\/wp-content\/uploads\/2024\/10\/DSCF2683-min-18x12.jpg 18w\" sizes=\"auto, (max-width: 1024px) 100vw, 1024px\" \/><\/figure>\n\n\n\n<figure class=\"wp-block-image size-large\"><img loading=\"lazy\" decoding=\"async\" width=\"1024\" height=\"682\" data-id=\"386\" src=\"https:\/\/opensciencedays.ch\/wp-content\/uploads\/2024\/10\/DSCF2704-min-1024x682.jpg\" alt=\"\" class=\"wp-image-386\" srcset=\"https:\/\/opensciencedays.ch\/wp-content\/uploads\/2024\/10\/DSCF2704-min-1024x682.jpg 1024w, https:\/\/opensciencedays.ch\/wp-content\/uploads\/2024\/10\/DSCF2704-min-300x200.jpg 300w, https:\/\/opensciencedays.ch\/wp-content\/uploads\/2024\/10\/DSCF2704-min-768x512.jpg 768w, https:\/\/opensciencedays.ch\/wp-content\/uploads\/2024\/10\/DSCF2704-min-1536x1024.jpg 1536w, https:\/\/opensciencedays.ch\/wp-content\/uploads\/2024\/10\/DSCF2704-min-2048x1365.jpg 2048w, https:\/\/opensciencedays.ch\/wp-content\/uploads\/2024\/10\/DSCF2704-min-17x12.jpg 17w\" sizes=\"auto, (max-width: 1024px) 100vw, 1024px\" \/><\/figure>\n\n\n\n<figure class=\"wp-block-image size-large\"><img loading=\"lazy\" decoding=\"async\" width=\"1024\" height=\"682\" data-id=\"387\" src=\"https:\/\/opensciencedays.ch\/wp-content\/uploads\/2024\/10\/DSCF2798-min-1024x682.jpg\" alt=\"\" class=\"wp-image-387\" srcset=\"https:\/\/opensciencedays.ch\/wp-content\/uploads\/2024\/10\/DSCF2798-min-1024x682.jpg 1024w, https:\/\/opensciencedays.ch\/wp-content\/uploads\/2024\/10\/DSCF2798-min-300x200.jpg 300w, https:\/\/opensciencedays.ch\/wp-content\/uploads\/2024\/10\/DSCF2798-min-768x512.jpg 768w, https:\/\/opensciencedays.ch\/wp-content\/uploads\/2024\/10\/DSCF2798-min-1536x1024.jpg 1536w, https:\/\/opensciencedays.ch\/wp-content\/uploads\/2024\/10\/DSCF2798-min-2048x1365.jpg 2048w, https:\/\/opensciencedays.ch\/wp-content\/uploads\/2024\/10\/DSCF2798-min-17x12.jpg 17w\" sizes=\"auto, (max-width: 1024px) 100vw, 1024px\" \/><\/figure>\n\n\n\n<figure class=\"wp-block-image size-large\"><img loading=\"lazy\" decoding=\"async\" width=\"682\" height=\"1024\" data-id=\"388\" src=\"https:\/\/opensciencedays.ch\/wp-content\/uploads\/2024\/10\/DSCF2815-min-682x1024.jpg\" alt=\"\" class=\"wp-image-388\" srcset=\"https:\/\/opensciencedays.ch\/wp-content\/uploads\/2024\/10\/DSCF2815-min-682x1024.jpg 682w, https:\/\/opensciencedays.ch\/wp-content\/uploads\/2024\/10\/DSCF2815-min-199x300.jpg 199w, https:\/\/opensciencedays.ch\/wp-content\/uploads\/2024\/10\/DSCF2815-min-768x1152.jpg 768w, https:\/\/opensciencedays.ch\/wp-content\/uploads\/2024\/10\/DSCF2815-min-1023x1536.jpg 1023w, https:\/\/opensciencedays.ch\/wp-content\/uploads\/2024\/10\/DSCF2815-min-1365x2048.jpg 1365w, https:\/\/opensciencedays.ch\/wp-content\/uploads\/2024\/10\/DSCF2815-min-7x12.jpg 7w, https:\/\/opensciencedays.ch\/wp-content\/uploads\/2024\/10\/DSCF2815-min-scaled.jpg 1706w\" sizes=\"auto, (max-width: 682px) 100vw, 682px\" \/><\/figure>\n<\/figure>\n\n\n\n<hr class=\"wp-block-separator has-alpha-channel-opacity\"\/>\n\n\n\n<p><strong>OpenScope: The first Astronomical observatory in Neuroscience<\/strong><\/p>\n\n\n\n<figure class=\"wp-block-embed is-type-video is-provider-youtube wp-block-embed-youtube wp-embed-aspect-16-9 wp-has-aspect-ratio\"><div class=\"wp-block-embed__wrapper\">\n<iframe loading=\"lazy\" title=\"Open science days 2024 : day 2 &quot;Open Data&quot;. OpenScope: 1st Astronomical observatory in Neuroscience\" width=\"500\" height=\"281\" src=\"https:\/\/www.youtube.com\/embed\/PPmgQy1T_pg?feature=oembed\" frameborder=\"0\" allow=\"accelerometer; autoplay; clipboard-write; encrypted-media; gyroscope; picture-in-picture; web-share\" referrerpolicy=\"strict-origin-when-cross-origin\" allowfullscreen><\/iframe>\n<\/div><\/figure>\n\n\n\n<hr class=\"wp-block-separator has-alpha-channel-opacity\"\/>\n\n\n\n<p><strong>Research Data Infrastructure: what infrastructures are needed to make Open Science a reality?<\/strong><\/p>\n\n\n\n<figure class=\"wp-block-embed is-type-video is-provider-youtube wp-block-embed-youtube wp-embed-aspect-16-9 wp-has-aspect-ratio\"><div class=\"wp-block-embed__wrapper\">\n<iframe loading=\"lazy\" title=\"Open science days 2024 : day 2 &quot;Open Data&quot;  what infrastructures are needed\" width=\"500\" height=\"281\" src=\"https:\/\/www.youtube.com\/embed\/0Qe9t8m7vks?feature=oembed\" frameborder=\"0\" allow=\"accelerometer; autoplay; clipboard-write; encrypted-media; gyroscope; picture-in-picture; web-share\" referrerpolicy=\"strict-origin-when-cross-origin\" allowfullscreen><\/iframe>\n<\/div><\/figure>\n\n\n\n<hr class=\"wp-block-separator has-alpha-channel-opacity\"\/>\n\n\n\n<p><strong>The role of Open Research Data in the development of Artificial Intelligence<\/strong><\/p>\n\n\n\n<figure class=\"wp-block-embed is-type-video is-provider-youtube wp-block-embed-youtube wp-embed-aspect-16-9 wp-has-aspect-ratio\"><div class=\"wp-block-embed__wrapper\">\n<iframe loading=\"lazy\" title=\"Open science days 2024 : day 2 &quot;Open Data&quot; Open Research Data &amp; Artificial Intelligence\" width=\"500\" height=\"281\" src=\"https:\/\/www.youtube.com\/embed\/9rCFyDICq_w?feature=oembed\" frameborder=\"0\" allow=\"accelerometer; autoplay; clipboard-write; encrypted-media; gyroscope; picture-in-picture; web-share\" referrerpolicy=\"strict-origin-when-cross-origin\" allowfullscreen><\/iframe>\n<\/div><\/figure>\n","protected":false},"excerpt":{"rendered":"<p>Lors de cette journ\u00e9e consacr\u00e9e \u00e0 l&rsquo;Open Data, nous avons d\u00e9couvert comment le partage de donn\u00e9es et les collaborations ouvertes catalysent la d\u00e9couverte, et comment les d\u00e9fis complexes d&rsquo;aujourd&rsquo;hui n\u00e9cessitent des approches transdisciplinaires pour fa\u00e7onner notre avenir collectif. Nous avons explor\u00e9 comment la convergence de la transparence des donn\u00e9es, de l\u2019accessibilit\u00e9 libre et de l\u2019interop\u00e9rabilit\u00e9 [&hellip;]<\/p>\n","protected":false},"author":3,"featured_media":0,"parent":0,"menu_order":0,"comment_status":"closed","ping_status":"closed","template":"","meta":{"_acf_changed":false,"footnotes":""},"class_list":["post-346","page","type-page","status-publish","hentry"],"acf":[],"yoast_head":"<!-- This site is optimized with the Yoast SEO plugin v27.3 - https:\/\/yoast.com\/product\/yoast-seo-wordpress\/ -->\n<title>Archives jour 2 : Open Research Data et Intelligence Artificielle - Sciences Ouvertes<\/title>\n<meta name=\"robots\" content=\"index, follow, max-snippet:-1, max-image-preview:large, max-video-preview:-1\" \/>\n<link rel=\"canonical\" href=\"https:\/\/opensciencedays.ch\/fr\/archives-jour-2-open-research-data-et-intelligence-artificielle\/\" \/>\n<meta property=\"og:locale\" content=\"fr_FR\" \/>\n<meta property=\"og:type\" content=\"article\" \/>\n<meta property=\"og:title\" content=\"Archives jour 2 : Open Research Data et Intelligence Artificielle - Sciences Ouvertes\" \/>\n<meta property=\"og:description\" content=\"Lors de cette journ\u00e9e consacr\u00e9e \u00e0 l&rsquo;Open Data, nous avons d\u00e9couvert comment le partage de donn\u00e9es et les collaborations ouvertes catalysent la d\u00e9couverte, et comment les d\u00e9fis complexes d&rsquo;aujourd&rsquo;hui n\u00e9cessitent des approches transdisciplinaires pour fa\u00e7onner notre avenir collectif. Nous avons explor\u00e9 comment la convergence de la transparence des donn\u00e9es, de l\u2019accessibilit\u00e9 libre et de l\u2019interop\u00e9rabilit\u00e9 [&hellip;]\" \/>\n<meta property=\"og:url\" content=\"https:\/\/opensciencedays.ch\/fr\/archives-jour-2-open-research-data-et-intelligence-artificielle\/\" \/>\n<meta property=\"og:site_name\" content=\"Sciences Ouvertes\" \/>\n<meta property=\"article:modified_time\" content=\"2024-10-16T15:38:08+00:00\" \/>\n<meta property=\"og:image\" content=\"https:\/\/opensciencedays.ch\/wp-content\/uploads\/2024\/10\/46A2420-min-1-scaled.jpg\" \/>\n\t<meta property=\"og:image:width\" content=\"2560\" \/>\n\t<meta property=\"og:image:height\" content=\"1707\" \/>\n\t<meta property=\"og:image:type\" content=\"image\/jpeg\" \/>\n<meta name=\"twitter:card\" content=\"summary_large_image\" \/>\n<meta name=\"twitter:label1\" content=\"Dur\u00e9e de lecture estim\u00e9e\" \/>\n\t<meta name=\"twitter:data1\" content=\"3 minutes\" \/>\n<script type=\"application\/ld+json\" class=\"yoast-schema-graph\">{\"@context\":\"https:\\\/\\\/schema.org\",\"@graph\":[{\"@type\":\"WebPage\",\"@id\":\"https:\\\/\\\/opensciencedays.ch\\\/archives-jour-2-open-research-data-et-intelligence-artificielle\\\/\",\"url\":\"https:\\\/\\\/opensciencedays.ch\\\/archives-jour-2-open-research-data-et-intelligence-artificielle\\\/\",\"name\":\"Archives jour 2 : Open Research Data et Intelligence Artificielle - Sciences Ouvertes\",\"isPartOf\":{\"@id\":\"https:\\\/\\\/opensciencedays.ch\\\/#website\"},\"primaryImageOfPage\":{\"@id\":\"https:\\\/\\\/opensciencedays.ch\\\/archives-jour-2-open-research-data-et-intelligence-artificielle\\\/#primaryimage\"},\"image\":{\"@id\":\"https:\\\/\\\/opensciencedays.ch\\\/archives-jour-2-open-research-data-et-intelligence-artificielle\\\/#primaryimage\"},\"thumbnailUrl\":\"https:\\\/\\\/opensciencedays.ch\\\/wp-content\\\/uploads\\\/2024\\\/10\\\/46A2420-min-1-1024x682.jpg\",\"datePublished\":\"2024-10-10T09:24:30+00:00\",\"dateModified\":\"2024-10-16T15:38:08+00:00\",\"breadcrumb\":{\"@id\":\"https:\\\/\\\/opensciencedays.ch\\\/archives-jour-2-open-research-data-et-intelligence-artificielle\\\/#breadcrumb\"},\"inLanguage\":\"fr-FR\",\"potentialAction\":[{\"@type\":\"ReadAction\",\"target\":[\"https:\\\/\\\/opensciencedays.ch\\\/archives-jour-2-open-research-data-et-intelligence-artificielle\\\/\"]}]},{\"@type\":\"ImageObject\",\"inLanguage\":\"fr-FR\",\"@id\":\"https:\\\/\\\/opensciencedays.ch\\\/archives-jour-2-open-research-data-et-intelligence-artificielle\\\/#primaryimage\",\"url\":\"https:\\\/\\\/opensciencedays.ch\\\/wp-content\\\/uploads\\\/2024\\\/10\\\/46A2420-min-1-1024x682.jpg\",\"contentUrl\":\"https:\\\/\\\/opensciencedays.ch\\\/wp-content\\\/uploads\\\/2024\\\/10\\\/46A2420-min-1-1024x682.jpg\"},{\"@type\":\"BreadcrumbList\",\"@id\":\"https:\\\/\\\/opensciencedays.ch\\\/archives-jour-2-open-research-data-et-intelligence-artificielle\\\/#breadcrumb\",\"itemListElement\":[{\"@type\":\"ListItem\",\"position\":1,\"name\":\"Accueil\",\"item\":\"https:\\\/\\\/opensciencedays.ch\\\/\"},{\"@type\":\"ListItem\",\"position\":2,\"name\":\"Archives jour 2 : Open Research Data et Intelligence Artificielle\"}]},{\"@type\":\"WebSite\",\"@id\":\"https:\\\/\\\/opensciencedays.ch\\\/#website\",\"url\":\"https:\\\/\\\/opensciencedays.ch\\\/\",\"name\":\"Sciences Ouvertes\",\"description\":\"2 journ\u00e9es pour lib\u00e9rer la science\",\"publisher\":{\"@id\":\"https:\\\/\\\/opensciencedays.ch\\\/#organization\"},\"potentialAction\":[{\"@type\":\"SearchAction\",\"target\":{\"@type\":\"EntryPoint\",\"urlTemplate\":\"https:\\\/\\\/opensciencedays.ch\\\/?s={search_term_string}\"},\"query-input\":{\"@type\":\"PropertyValueSpecification\",\"valueRequired\":true,\"valueName\":\"search_term_string\"}}],\"inLanguage\":\"fr-FR\"},{\"@type\":\"Organization\",\"@id\":\"https:\\\/\\\/opensciencedays.ch\\\/#organization\",\"name\":\"Sciences Ouvertes\",\"url\":\"https:\\\/\\\/opensciencedays.ch\\\/\",\"logo\":{\"@type\":\"ImageObject\",\"inLanguage\":\"fr-FR\",\"@id\":\"https:\\\/\\\/opensciencedays.ch\\\/#\\\/schema\\\/logo\\\/image\\\/\",\"url\":\"https:\\\/\\\/opensciencedays.ch\\\/wp-content\\\/uploads\\\/2024\\\/06\\\/Open-Science-Day-key-visual-RVB-transp.png\",\"contentUrl\":\"https:\\\/\\\/opensciencedays.ch\\\/wp-content\\\/uploads\\\/2024\\\/06\\\/Open-Science-Day-key-visual-RVB-transp.png\",\"width\":2869,\"height\":1984,\"caption\":\"Sciences Ouvertes\"},\"image\":{\"@id\":\"https:\\\/\\\/opensciencedays.ch\\\/#\\\/schema\\\/logo\\\/image\\\/\"}}]}<\/script>\n<!-- \/ Yoast SEO plugin. -->","yoast_head_json":{"title":"Archives jour 2 : Open Research Data et Intelligence Artificielle - Sciences Ouvertes","robots":{"index":"index","follow":"follow","max-snippet":"max-snippet:-1","max-image-preview":"max-image-preview:large","max-video-preview":"max-video-preview:-1"},"canonical":"https:\/\/opensciencedays.ch\/fr\/archives-jour-2-open-research-data-et-intelligence-artificielle\/","og_locale":"fr_FR","og_type":"article","og_title":"Archives jour 2 : Open Research Data et Intelligence Artificielle - Sciences Ouvertes","og_description":"Lors de cette journ\u00e9e consacr\u00e9e \u00e0 l&rsquo;Open Data, nous avons d\u00e9couvert comment le partage de donn\u00e9es et les collaborations ouvertes catalysent la d\u00e9couverte, et comment les d\u00e9fis complexes d&rsquo;aujourd&rsquo;hui n\u00e9cessitent des approches transdisciplinaires pour fa\u00e7onner notre avenir collectif. Nous avons explor\u00e9 comment la convergence de la transparence des donn\u00e9es, de l\u2019accessibilit\u00e9 libre et de l\u2019interop\u00e9rabilit\u00e9 [&hellip;]","og_url":"https:\/\/opensciencedays.ch\/fr\/archives-jour-2-open-research-data-et-intelligence-artificielle\/","og_site_name":"Sciences Ouvertes","article_modified_time":"2024-10-16T15:38:08+00:00","og_image":[{"width":2560,"height":1707,"url":"https:\/\/opensciencedays.ch\/wp-content\/uploads\/2024\/10\/46A2420-min-1-scaled.jpg","type":"image\/jpeg"}],"twitter_card":"summary_large_image","twitter_misc":{"Dur\u00e9e de lecture estim\u00e9e":"3 minutes"},"schema":{"@context":"https:\/\/schema.org","@graph":[{"@type":"WebPage","@id":"https:\/\/opensciencedays.ch\/archives-jour-2-open-research-data-et-intelligence-artificielle\/","url":"https:\/\/opensciencedays.ch\/archives-jour-2-open-research-data-et-intelligence-artificielle\/","name":"Archives jour 2 : Open Research Data et Intelligence Artificielle - Sciences Ouvertes","isPartOf":{"@id":"https:\/\/opensciencedays.ch\/#website"},"primaryImageOfPage":{"@id":"https:\/\/opensciencedays.ch\/archives-jour-2-open-research-data-et-intelligence-artificielle\/#primaryimage"},"image":{"@id":"https:\/\/opensciencedays.ch\/archives-jour-2-open-research-data-et-intelligence-artificielle\/#primaryimage"},"thumbnailUrl":"https:\/\/opensciencedays.ch\/wp-content\/uploads\/2024\/10\/46A2420-min-1-1024x682.jpg","datePublished":"2024-10-10T09:24:30+00:00","dateModified":"2024-10-16T15:38:08+00:00","breadcrumb":{"@id":"https:\/\/opensciencedays.ch\/archives-jour-2-open-research-data-et-intelligence-artificielle\/#breadcrumb"},"inLanguage":"fr-FR","potentialAction":[{"@type":"ReadAction","target":["https:\/\/opensciencedays.ch\/archives-jour-2-open-research-data-et-intelligence-artificielle\/"]}]},{"@type":"ImageObject","inLanguage":"fr-FR","@id":"https:\/\/opensciencedays.ch\/archives-jour-2-open-research-data-et-intelligence-artificielle\/#primaryimage","url":"https:\/\/opensciencedays.ch\/wp-content\/uploads\/2024\/10\/46A2420-min-1-1024x682.jpg","contentUrl":"https:\/\/opensciencedays.ch\/wp-content\/uploads\/2024\/10\/46A2420-min-1-1024x682.jpg"},{"@type":"BreadcrumbList","@id":"https:\/\/opensciencedays.ch\/archives-jour-2-open-research-data-et-intelligence-artificielle\/#breadcrumb","itemListElement":[{"@type":"ListItem","position":1,"name":"Accueil","item":"https:\/\/opensciencedays.ch\/"},{"@type":"ListItem","position":2,"name":"Archives jour 2 : Open Research Data et Intelligence Artificielle"}]},{"@type":"WebSite","@id":"https:\/\/opensciencedays.ch\/#website","url":"https:\/\/opensciencedays.ch\/","name":"Sciences Ouvertes","description":"2 journ\u00e9es pour lib\u00e9rer la science","publisher":{"@id":"https:\/\/opensciencedays.ch\/#organization"},"potentialAction":[{"@type":"SearchAction","target":{"@type":"EntryPoint","urlTemplate":"https:\/\/opensciencedays.ch\/?s={search_term_string}"},"query-input":{"@type":"PropertyValueSpecification","valueRequired":true,"valueName":"search_term_string"}}],"inLanguage":"fr-FR"},{"@type":"Organization","@id":"https:\/\/opensciencedays.ch\/#organization","name":"Sciences Ouvertes","url":"https:\/\/opensciencedays.ch\/","logo":{"@type":"ImageObject","inLanguage":"fr-FR","@id":"https:\/\/opensciencedays.ch\/#\/schema\/logo\/image\/","url":"https:\/\/opensciencedays.ch\/wp-content\/uploads\/2024\/06\/Open-Science-Day-key-visual-RVB-transp.png","contentUrl":"https:\/\/opensciencedays.ch\/wp-content\/uploads\/2024\/06\/Open-Science-Day-key-visual-RVB-transp.png","width":2869,"height":1984,"caption":"Sciences Ouvertes"},"image":{"@id":"https:\/\/opensciencedays.ch\/#\/schema\/logo\/image\/"}}]}},"_links":{"self":[{"href":"https:\/\/opensciencedays.ch\/fr\/wp-json\/wp\/v2\/pages\/346","targetHints":{"allow":["GET"]}}],"collection":[{"href":"https:\/\/opensciencedays.ch\/fr\/wp-json\/wp\/v2\/pages"}],"about":[{"href":"https:\/\/opensciencedays.ch\/fr\/wp-json\/wp\/v2\/types\/page"}],"author":[{"embeddable":true,"href":"https:\/\/opensciencedays.ch\/fr\/wp-json\/wp\/v2\/users\/3"}],"replies":[{"embeddable":true,"href":"https:\/\/opensciencedays.ch\/fr\/wp-json\/wp\/v2\/comments?post=346"}],"version-history":[{"count":3,"href":"https:\/\/opensciencedays.ch\/fr\/wp-json\/wp\/v2\/pages\/346\/revisions"}],"predecessor-version":[{"id":390,"href":"https:\/\/opensciencedays.ch\/fr\/wp-json\/wp\/v2\/pages\/346\/revisions\/390"}],"wp:attachment":[{"href":"https:\/\/opensciencedays.ch\/fr\/wp-json\/wp\/v2\/media?parent=346"}],"curies":[{"name":"wp","href":"https:\/\/api.w.org\/{rel}","templated":true}]}}