{"id":240,"date":"2024-06-18T12:26:11","date_gmt":"2024-06-18T12:26:11","guid":{"rendered":"https:\/\/hawai.li\/opensciencedays\/?page_id=240"},"modified":"2026-04-16T12:48:07","modified_gmt":"2026-04-16T12:48:07","slug":"comite-dorganisation","status":"publish","type":"page","link":"https:\/\/opensciencedays.ch\/fr\/comite-dorganisation\/","title":{"rendered":"Comit\u00e9 d&rsquo;organisation"},"content":{"rendered":"\n<h2 class=\"wp-block-heading\">Un programme pour tracer de nouvelles voies dans le domaine de la science ouverte&nbsp;&nbsp;<\/h2>\n\n\n\n<p>Cet \u00e9v\u00e9nement unique en Suisse est n\u00e9 de la collaboration de quatre institutions acad\u00e9miques prestigieuses : l&rsquo;EPFL, l&rsquo;HEP Vaud, la HES-SO et l&rsquo;UNIL. Mais derri\u00e8re les institutions se trouvent des femmes et un homme en particulier, qui travaillent ensemble depuis plus d&rsquo;un an \u00e0 la concr\u00e9tisation de ce projet.<\/p>\n\n\n\n<div class=\"wp-block-columns is-layout-flex wp-container-core-columns-is-layout-9d6595d7 wp-block-columns-is-layout-flex\">\n<div class=\"wp-block-column is-layout-flow wp-block-column-is-layout-flow\">\n<p><strong>EPFL<\/strong><\/p>\n\n\n\n<p>Dr. Aruni P. Senaratne<br>Scientific Advisor for Open Science (EPFL)<\/p>\n\n\n\n<p>Lorenza Salvatori<br>Responsable de l\u2019\u00e9quipe Publication Scientifique, Biblioth\u00e8que de l\u2019EPFL<\/p>\n\n\n\n<p><strong>HEP Vaud<\/strong><\/p>\n\n\n\n<p>Mathilde Panes<br>Collaboratrice sp\u00e9cialis\u00e9e en Open Science<\/p>\n\n\n\n<p>Ermeline Jaggi<br>Collaboratrice sp\u00e9cialis\u00e9e en Open Science<\/p>\n<\/div>\n\n\n\n<div class=\"wp-block-column is-layout-flow wp-block-column-is-layout-flow\">\n<p><strong>HES-SO<\/strong><\/p>\n\n\n\n<p>Anne Charmillot<br>Collaboratrice sp\u00e9cialis\u00e9e<\/p>\n\n\n\n<p>Dre Isabelle Lucas<br>Cheffe de projet Open Science<\/p>\n\n\n\n<p><strong>UNIL<\/strong><\/p>\n\n\n\n<p>Dre Micaela Crespo<br>Cheffe adjointe du Service de la recherche<br>et Responsable Open Access Unil<\/p>\n\n\n\n<p>Ma\u00eblle Desard<br>Charg\u00e9e de communication et de communaut\u00e9<\/p>\n\n\n\n<p>G\u00e9rard Bagnoud<br>Directeur du Service des ressources informationnelles et archives, Coordinateur Open Science<\/p>\n<\/div>\n<\/div>\n","protected":false},"excerpt":{"rendered":"<p>Un programme pour tracer de nouvelles voies dans le domaine de la science ouverte&nbsp;&nbsp; Cet \u00e9v\u00e9nement unique en Suisse est n\u00e9 de la collaboration de quatre institutions acad\u00e9miques prestigieuses : l&rsquo;EPFL, l&rsquo;HEP Vaud, la HES-SO et l&rsquo;UNIL. Mais derri\u00e8re les institutions se trouvent des femmes et un homme en particulier, qui travaillent ensemble depuis plus [&hellip;]<\/p>\n","protected":false},"author":3,"featured_media":0,"parent":0,"menu_order":0,"comment_status":"closed","ping_status":"closed","template":"","meta":{"_acf_changed":false,"footnotes":""},"class_list":["post-240","page","type-page","status-publish","hentry"],"acf":[],"yoast_head":"<!-- This site is optimized with the Yoast SEO plugin v27.3 - https:\/\/yoast.com\/product\/yoast-seo-wordpress\/ -->\n<title>Comit\u00e9 d&#039;organisation - Sciences Ouvertes<\/title>\n<meta name=\"robots\" content=\"index, follow, max-snippet:-1, max-image-preview:large, max-video-preview:-1\" \/>\n<link rel=\"canonical\" href=\"https:\/\/opensciencedays.ch\/fr\/comite-dorganisation\/\" \/>\n<meta property=\"og:locale\" content=\"fr_FR\" \/>\n<meta property=\"og:type\" content=\"article\" \/>\n<meta property=\"og:title\" content=\"Comit\u00e9 d&#039;organisation - Sciences Ouvertes\" \/>\n<meta property=\"og:description\" content=\"Un programme pour tracer de nouvelles voies dans le domaine de la science ouverte&nbsp;&nbsp; Cet \u00e9v\u00e9nement unique en Suisse est n\u00e9 de la collaboration de quatre institutions acad\u00e9miques prestigieuses : l&rsquo;EPFL, l&rsquo;HEP Vaud, la HES-SO et l&rsquo;UNIL. Mais derri\u00e8re les institutions se trouvent des femmes et un homme en particulier, qui travaillent ensemble depuis plus [&hellip;]\" \/>\n<meta property=\"og:url\" content=\"https:\/\/opensciencedays.ch\/fr\/comite-dorganisation\/\" \/>\n<meta property=\"og:site_name\" content=\"Sciences Ouvertes\" \/>\n<meta property=\"article:modified_time\" content=\"2026-04-16T12:48:07+00:00\" \/>\n<meta name=\"twitter:card\" content=\"summary_large_image\" \/>\n<meta name=\"twitter:label1\" content=\"Dur\u00e9e de lecture estim\u00e9e\" \/>\n\t<meta name=\"twitter:data1\" content=\"1 minute\" \/>\n<script type=\"application\/ld+json\" class=\"yoast-schema-graph\">{\"@context\":\"https:\\\/\\\/schema.org\",\"@graph\":[{\"@type\":\"WebPage\",\"@id\":\"https:\\\/\\\/opensciencedays.ch\\\/comite-dorganisation\\\/\",\"url\":\"https:\\\/\\\/opensciencedays.ch\\\/comite-dorganisation\\\/\",\"name\":\"Comit\u00e9 d'organisation - Sciences Ouvertes\",\"isPartOf\":{\"@id\":\"https:\\\/\\\/opensciencedays.ch\\\/#website\"},\"datePublished\":\"2024-06-18T12:26:11+00:00\",\"dateModified\":\"2026-04-16T12:48:07+00:00\",\"breadcrumb\":{\"@id\":\"https:\\\/\\\/opensciencedays.ch\\\/comite-dorganisation\\\/#breadcrumb\"},\"inLanguage\":\"fr-FR\",\"potentialAction\":[{\"@type\":\"ReadAction\",\"target\":[\"https:\\\/\\\/opensciencedays.ch\\\/comite-dorganisation\\\/\"]}]},{\"@type\":\"BreadcrumbList\",\"@id\":\"https:\\\/\\\/opensciencedays.ch\\\/comite-dorganisation\\\/#breadcrumb\",\"itemListElement\":[{\"@type\":\"ListItem\",\"position\":1,\"name\":\"Accueil\",\"item\":\"https:\\\/\\\/opensciencedays.ch\\\/\"},{\"@type\":\"ListItem\",\"position\":2,\"name\":\"Comit\u00e9 d&rsquo;organisation\"}]},{\"@type\":\"WebSite\",\"@id\":\"https:\\\/\\\/opensciencedays.ch\\\/#website\",\"url\":\"https:\\\/\\\/opensciencedays.ch\\\/\",\"name\":\"Sciences Ouvertes\",\"description\":\"2 journ\u00e9es pour lib\u00e9rer la science\",\"publisher\":{\"@id\":\"https:\\\/\\\/opensciencedays.ch\\\/#organization\"},\"potentialAction\":[{\"@type\":\"SearchAction\",\"target\":{\"@type\":\"EntryPoint\",\"urlTemplate\":\"https:\\\/\\\/opensciencedays.ch\\\/?s={search_term_string}\"},\"query-input\":{\"@type\":\"PropertyValueSpecification\",\"valueRequired\":true,\"valueName\":\"search_term_string\"}}],\"inLanguage\":\"fr-FR\"},{\"@type\":\"Organization\",\"@id\":\"https:\\\/\\\/opensciencedays.ch\\\/#organization\",\"name\":\"Sciences Ouvertes\",\"url\":\"https:\\\/\\\/opensciencedays.ch\\\/\",\"logo\":{\"@type\":\"ImageObject\",\"inLanguage\":\"fr-FR\",\"@id\":\"https:\\\/\\\/opensciencedays.ch\\\/#\\\/schema\\\/logo\\\/image\\\/\",\"url\":\"https:\\\/\\\/opensciencedays.ch\\\/wp-content\\\/uploads\\\/2024\\\/06\\\/Open-Science-Day-key-visual-RVB-transp.png\",\"contentUrl\":\"https:\\\/\\\/opensciencedays.ch\\\/wp-content\\\/uploads\\\/2024\\\/06\\\/Open-Science-Day-key-visual-RVB-transp.png\",\"width\":2869,\"height\":1984,\"caption\":\"Sciences Ouvertes\"},\"image\":{\"@id\":\"https:\\\/\\\/opensciencedays.ch\\\/#\\\/schema\\\/logo\\\/image\\\/\"}}]}<\/script>\n<!-- \/ Yoast SEO plugin. -->","yoast_head_json":{"title":"Comit\u00e9 d'organisation - Sciences Ouvertes","robots":{"index":"index","follow":"follow","max-snippet":"max-snippet:-1","max-image-preview":"max-image-preview:large","max-video-preview":"max-video-preview:-1"},"canonical":"https:\/\/opensciencedays.ch\/fr\/comite-dorganisation\/","og_locale":"fr_FR","og_type":"article","og_title":"Comit\u00e9 d'organisation - Sciences Ouvertes","og_description":"Un programme pour tracer de nouvelles voies dans le domaine de la science ouverte&nbsp;&nbsp; Cet \u00e9v\u00e9nement unique en Suisse est n\u00e9 de la collaboration de quatre institutions acad\u00e9miques prestigieuses : l&rsquo;EPFL, l&rsquo;HEP Vaud, la HES-SO et l&rsquo;UNIL. Mais derri\u00e8re les institutions se trouvent des femmes et un homme en particulier, qui travaillent ensemble depuis plus [&hellip;]","og_url":"https:\/\/opensciencedays.ch\/fr\/comite-dorganisation\/","og_site_name":"Sciences Ouvertes","article_modified_time":"2026-04-16T12:48:07+00:00","twitter_card":"summary_large_image","twitter_misc":{"Dur\u00e9e de lecture estim\u00e9e":"1 minute"},"schema":{"@context":"https:\/\/schema.org","@graph":[{"@type":"WebPage","@id":"https:\/\/opensciencedays.ch\/comite-dorganisation\/","url":"https:\/\/opensciencedays.ch\/comite-dorganisation\/","name":"Comit\u00e9 d'organisation - Sciences Ouvertes","isPartOf":{"@id":"https:\/\/opensciencedays.ch\/#website"},"datePublished":"2024-06-18T12:26:11+00:00","dateModified":"2026-04-16T12:48:07+00:00","breadcrumb":{"@id":"https:\/\/opensciencedays.ch\/comite-dorganisation\/#breadcrumb"},"inLanguage":"fr-FR","potentialAction":[{"@type":"ReadAction","target":["https:\/\/opensciencedays.ch\/comite-dorganisation\/"]}]},{"@type":"BreadcrumbList","@id":"https:\/\/opensciencedays.ch\/comite-dorganisation\/#breadcrumb","itemListElement":[{"@type":"ListItem","position":1,"name":"Accueil","item":"https:\/\/opensciencedays.ch\/"},{"@type":"ListItem","position":2,"name":"Comit\u00e9 d&rsquo;organisation"}]},{"@type":"WebSite","@id":"https:\/\/opensciencedays.ch\/#website","url":"https:\/\/opensciencedays.ch\/","name":"Sciences Ouvertes","description":"2 journ\u00e9es pour lib\u00e9rer la science","publisher":{"@id":"https:\/\/opensciencedays.ch\/#organization"},"potentialAction":[{"@type":"SearchAction","target":{"@type":"EntryPoint","urlTemplate":"https:\/\/opensciencedays.ch\/?s={search_term_string}"},"query-input":{"@type":"PropertyValueSpecification","valueRequired":true,"valueName":"search_term_string"}}],"inLanguage":"fr-FR"},{"@type":"Organization","@id":"https:\/\/opensciencedays.ch\/#organization","name":"Sciences Ouvertes","url":"https:\/\/opensciencedays.ch\/","logo":{"@type":"ImageObject","inLanguage":"fr-FR","@id":"https:\/\/opensciencedays.ch\/#\/schema\/logo\/image\/","url":"https:\/\/opensciencedays.ch\/wp-content\/uploads\/2024\/06\/Open-Science-Day-key-visual-RVB-transp.png","contentUrl":"https:\/\/opensciencedays.ch\/wp-content\/uploads\/2024\/06\/Open-Science-Day-key-visual-RVB-transp.png","width":2869,"height":1984,"caption":"Sciences Ouvertes"},"image":{"@id":"https:\/\/opensciencedays.ch\/#\/schema\/logo\/image\/"}}]}},"_links":{"self":[{"href":"https:\/\/opensciencedays.ch\/fr\/wp-json\/wp\/v2\/pages\/240","targetHints":{"allow":["GET"]}}],"collection":[{"href":"https:\/\/opensciencedays.ch\/fr\/wp-json\/wp\/v2\/pages"}],"about":[{"href":"https:\/\/opensciencedays.ch\/fr\/wp-json\/wp\/v2\/types\/page"}],"author":[{"embeddable":true,"href":"https:\/\/opensciencedays.ch\/fr\/wp-json\/wp\/v2\/users\/3"}],"replies":[{"embeddable":true,"href":"https:\/\/opensciencedays.ch\/fr\/wp-json\/wp\/v2\/comments?post=240"}],"version-history":[{"count":18,"href":"https:\/\/opensciencedays.ch\/fr\/wp-json\/wp\/v2\/pages\/240\/revisions"}],"predecessor-version":[{"id":456,"href":"https:\/\/opensciencedays.ch\/fr\/wp-json\/wp\/v2\/pages\/240\/revisions\/456"}],"wp:attachment":[{"href":"https:\/\/opensciencedays.ch\/fr\/wp-json\/wp\/v2\/media?parent=240"}],"curies":[{"name":"wp","href":"https:\/\/api.w.org\/{rel}","templated":true}]}}