{"id":365,"date":"2024-10-16T15:43:53","date_gmt":"2024-10-16T15:43:53","guid":{"rendered":"https:\/\/opensciencedays.ch\/?page_id=365"},"modified":"2025-01-27T08:56:08","modified_gmt":"2025-01-27T08:56:08","slug":"archives","status":"publish","type":"page","link":"https:\/\/opensciencedays.ch\/en\/archives\/","title":{"rendered":"Archives 2024"},"content":{"rendered":"<div class=\"wp-block-buttons is-layout-flex wp-block-buttons-is-layout-flex\">\n<div class=\"wp-block-button\"><a class=\"wp-block-button__link wp-element-button\" href=\"https:\/\/opensciencedays.ch\/en\/bilan-et-perspectives-des-open-science-days-2024-enseignements-elements-a-reconduire-et-initiatives-futures\/\">Bilan et perspectives des Open Science Days 2024<\/a><\/div>\n<\/div>\n\n\n\n<div class=\"wp-block-columns is-layout-flex wp-container-core-columns-is-layout-9d6595d7 wp-block-columns-is-layout-flex\">\n<div class=\"wp-block-column is-layout-flow wp-block-column-is-layout-flow\">\n<p><strong><a href=\"https:\/\/opensciencedays.ch\/en\/historique-jour-1-open-access\/\">Journ\u00e9e 1 : Open Access<\/a><\/strong><\/p>\n\n\n\n<figure class=\"wp-block-image size-large\"><img loading=\"lazy\" decoding=\"async\" width=\"1023\" height=\"682\" src=\"https:\/\/opensciencedays.ch\/wp-content\/uploads\/2024\/10\/DSCF2321-min-1023x682.jpg\" alt=\"\" class=\"wp-image-366\" srcset=\"https:\/\/opensciencedays.ch\/wp-content\/uploads\/2024\/10\/DSCF2321-min-1023x682.jpg 1023w, https:\/\/opensciencedays.ch\/wp-content\/uploads\/2024\/10\/DSCF2321-min-300x199.jpg 300w, https:\/\/opensciencedays.ch\/wp-content\/uploads\/2024\/10\/DSCF2321-min-768x512.jpg 768w, https:\/\/opensciencedays.ch\/wp-content\/uploads\/2024\/10\/DSCF2321-min-1535x1023.jpg 1535w, https:\/\/opensciencedays.ch\/wp-content\/uploads\/2024\/10\/DSCF2321-min-2047x1365.jpg 2047w, https:\/\/opensciencedays.ch\/wp-content\/uploads\/2024\/10\/DSCF2321-min-18x11.jpg 18w\" sizes=\"auto, (max-width: 1023px) 100vw, 1023px\" \/><\/figure>\n<\/div>\n\n\n\n<div class=\"wp-block-column is-layout-flow wp-block-column-is-layout-flow\">\n<p><a href=\"https:\/\/opensciencedays.ch\/en\/archives-jour-2-open-research-data-et-intelligence-artificielle\/\"><strong>Journ\u00e9e 2 : Open Research Data<\/strong><\/a><\/p>\n\n\n\n<figure class=\"wp-block-image size-large\"><img loading=\"lazy\" decoding=\"async\" width=\"1024\" height=\"682\" src=\"https:\/\/opensciencedays.ch\/wp-content\/uploads\/2024\/10\/46A2420-min-1024x682.jpg\" alt=\"\" class=\"wp-image-379\" srcset=\"https:\/\/opensciencedays.ch\/wp-content\/uploads\/2024\/10\/46A2420-min-1024x682.jpg 1024w, https:\/\/opensciencedays.ch\/wp-content\/uploads\/2024\/10\/46A2420-min-300x200.jpg 300w, https:\/\/opensciencedays.ch\/wp-content\/uploads\/2024\/10\/46A2420-min-768x512.jpg 768w, https:\/\/opensciencedays.ch\/wp-content\/uploads\/2024\/10\/46A2420-min-1536x1024.jpg 1536w, https:\/\/opensciencedays.ch\/wp-content\/uploads\/2024\/10\/46A2420-min-2048x1365.jpg 2048w, https:\/\/opensciencedays.ch\/wp-content\/uploads\/2024\/10\/46A2420-min-17x12.jpg 17w\" sizes=\"auto, (max-width: 1024px) 100vw, 1024px\" \/><\/figure>\n<\/div>\n<\/div>\n\n\n\n<hr class=\"wp-block-separator has-alpha-channel-opacity\"\/>\n\n\n\n<div class=\"wp-block-columns is-layout-flex wp-container-core-columns-is-layout-9d6595d7 wp-block-columns-is-layout-flex\">\n<div class=\"wp-block-column is-layout-flow wp-block-column-is-layout-flow\">\n<p><a href=\"https:\/\/opensciencedays.ch\/en\/archives-jour-3-open-educational-resources\/\"><strong>Journ\u00e9e 3 : Open Educational Resources<\/strong><\/a><\/p>\n\n\n\n<figure class=\"wp-block-image size-large\"><img loading=\"lazy\" decoding=\"async\" width=\"1024\" height=\"682\" src=\"https:\/\/opensciencedays.ch\/wp-content\/uploads\/2024\/10\/46A2685-min-1024x682.jpg\" alt=\"\" class=\"wp-image-391\" srcset=\"https:\/\/opensciencedays.ch\/wp-content\/uploads\/2024\/10\/46A2685-min-1024x682.jpg 1024w, https:\/\/opensciencedays.ch\/wp-content\/uploads\/2024\/10\/46A2685-min-300x200.jpg 300w, https:\/\/opensciencedays.ch\/wp-content\/uploads\/2024\/10\/46A2685-min-768x512.jpg 768w, https:\/\/opensciencedays.ch\/wp-content\/uploads\/2024\/10\/46A2685-min-1536x1024.jpg 1536w, https:\/\/opensciencedays.ch\/wp-content\/uploads\/2024\/10\/46A2685-min-2048x1365.jpg 2048w, https:\/\/opensciencedays.ch\/wp-content\/uploads\/2024\/10\/46A2685-min-18x12.jpg 18w\" sizes=\"auto, (max-width: 1024px) 100vw, 1024px\" \/><\/figure>\n<\/div>\n\n\n\n<div class=\"wp-block-column is-layout-flow wp-block-column-is-layout-flow\">\n<p><a href=\"https:\/\/opensciencedays.ch\/en\/archives-jour-4-citizen-science\/\"><strong>Journ\u00e9e 4 : Citizen Sciences<\/strong><\/a><\/p>\n\n\n\n<figure class=\"wp-block-image size-large\"><img loading=\"lazy\" decoding=\"async\" width=\"1024\" height=\"682\" src=\"https:\/\/opensciencedays.ch\/wp-content\/uploads\/2024\/10\/DSCF2989-min-1-1024x682.jpg\" alt=\"\" class=\"wp-image-416\" srcset=\"https:\/\/opensciencedays.ch\/wp-content\/uploads\/2024\/10\/DSCF2989-min-1-1024x682.jpg 1024w, https:\/\/opensciencedays.ch\/wp-content\/uploads\/2024\/10\/DSCF2989-min-1-300x199.jpg 300w, https:\/\/opensciencedays.ch\/wp-content\/uploads\/2024\/10\/DSCF2989-min-1-768x512.jpg 768w, https:\/\/opensciencedays.ch\/wp-content\/uploads\/2024\/10\/DSCF2989-min-1-1536x1023.jpg 1536w, https:\/\/opensciencedays.ch\/wp-content\/uploads\/2024\/10\/DSCF2989-min-1-18x12.jpg 18w\" sizes=\"auto, (max-width: 1024px) 100vw, 1024px\" \/><\/figure>\n<\/div>\n<\/div>","protected":false},"excerpt":{"rendered":"<p>Journ\u00e9e 1 : Open Access Journ\u00e9e 2 : Open Research Data Journ\u00e9e 3 : Open Educational Resources Journ\u00e9e 4 : Citizen Sciences<\/p>","protected":false},"author":3,"featured_media":0,"parent":0,"menu_order":0,"comment_status":"closed","ping_status":"closed","template":"","meta":{"_acf_changed":false,"footnotes":""},"class_list":["post-365","page","type-page","status-publish","hentry"],"acf":[],"yoast_head":"<!-- This site is optimized with the Yoast SEO plugin v27.3 - https:\/\/yoast.com\/product\/yoast-seo-wordpress\/ -->\n<title>Archives 2024 - Sciences Ouvertes<\/title>\n<meta name=\"robots\" content=\"index, follow, max-snippet:-1, max-image-preview:large, max-video-preview:-1\" \/>\n<link rel=\"canonical\" href=\"https:\/\/opensciencedays.ch\/en\/archives\/\" \/>\n<meta property=\"og:locale\" content=\"en_GB\" \/>\n<meta property=\"og:type\" content=\"article\" \/>\n<meta property=\"og:title\" content=\"Archives 2024 - Sciences Ouvertes\" \/>\n<meta property=\"og:description\" content=\"Journ\u00e9e 1 : Open Access Journ\u00e9e 2 : Open Research Data Journ\u00e9e 3 : Open Educational Resources Journ\u00e9e 4 : Citizen Sciences\" \/>\n<meta property=\"og:url\" content=\"https:\/\/opensciencedays.ch\/en\/archives\/\" \/>\n<meta property=\"og:site_name\" content=\"Sciences Ouvertes\" \/>\n<meta property=\"article:modified_time\" content=\"2025-01-27T08:56:08+00:00\" \/>\n<meta property=\"og:image\" content=\"https:\/\/opensciencedays.ch\/wp-content\/uploads\/2024\/10\/DSCF2321-min-scaled.jpg\" \/>\n\t<meta property=\"og:image:width\" content=\"2560\" \/>\n\t<meta property=\"og:image:height\" content=\"1706\" \/>\n\t<meta property=\"og:image:type\" content=\"image\/jpeg\" \/>\n<meta name=\"twitter:card\" content=\"summary_large_image\" \/>\n<meta name=\"twitter:label1\" content=\"Estimated reading time\" \/>\n\t<meta name=\"twitter:data1\" content=\"1 minute\" \/>\n<script type=\"application\/ld+json\" class=\"yoast-schema-graph\">{\"@context\":\"https:\\\/\\\/schema.org\",\"@graph\":[{\"@type\":\"WebPage\",\"@id\":\"https:\\\/\\\/opensciencedays.ch\\\/archives\\\/\",\"url\":\"https:\\\/\\\/opensciencedays.ch\\\/archives\\\/\",\"name\":\"Archives 2024 - Sciences Ouvertes\",\"isPartOf\":{\"@id\":\"https:\\\/\\\/opensciencedays.ch\\\/#website\"},\"primaryImageOfPage\":{\"@id\":\"https:\\\/\\\/opensciencedays.ch\\\/archives\\\/#primaryimage\"},\"image\":{\"@id\":\"https:\\\/\\\/opensciencedays.ch\\\/archives\\\/#primaryimage\"},\"thumbnailUrl\":\"https:\\\/\\\/opensciencedays.ch\\\/wp-content\\\/uploads\\\/2024\\\/10\\\/DSCF2321-min-1023x682.jpg\",\"datePublished\":\"2024-10-16T15:43:53+00:00\",\"dateModified\":\"2025-01-27T08:56:08+00:00\",\"breadcrumb\":{\"@id\":\"https:\\\/\\\/opensciencedays.ch\\\/archives\\\/#breadcrumb\"},\"inLanguage\":\"en-GB\",\"potentialAction\":[{\"@type\":\"ReadAction\",\"target\":[\"https:\\\/\\\/opensciencedays.ch\\\/archives\\\/\"]}]},{\"@type\":\"ImageObject\",\"inLanguage\":\"en-GB\",\"@id\":\"https:\\\/\\\/opensciencedays.ch\\\/archives\\\/#primaryimage\",\"url\":\"https:\\\/\\\/opensciencedays.ch\\\/wp-content\\\/uploads\\\/2024\\\/10\\\/DSCF2321-min-1023x682.jpg\",\"contentUrl\":\"https:\\\/\\\/opensciencedays.ch\\\/wp-content\\\/uploads\\\/2024\\\/10\\\/DSCF2321-min-1023x682.jpg\"},{\"@type\":\"BreadcrumbList\",\"@id\":\"https:\\\/\\\/opensciencedays.ch\\\/archives\\\/#breadcrumb\",\"itemListElement\":[{\"@type\":\"ListItem\",\"position\":1,\"name\":\"Accueil\",\"item\":\"https:\\\/\\\/opensciencedays.ch\\\/\"},{\"@type\":\"ListItem\",\"position\":2,\"name\":\"Archives 2024\"}]},{\"@type\":\"WebSite\",\"@id\":\"https:\\\/\\\/opensciencedays.ch\\\/#website\",\"url\":\"https:\\\/\\\/opensciencedays.ch\\\/\",\"name\":\"Sciences Ouvertes\",\"description\":\"2 journ\u00e9es pour lib\u00e9rer la science\",\"publisher\":{\"@id\":\"https:\\\/\\\/opensciencedays.ch\\\/#organization\"},\"potentialAction\":[{\"@type\":\"SearchAction\",\"target\":{\"@type\":\"EntryPoint\",\"urlTemplate\":\"https:\\\/\\\/opensciencedays.ch\\\/?s={search_term_string}\"},\"query-input\":{\"@type\":\"PropertyValueSpecification\",\"valueRequired\":true,\"valueName\":\"search_term_string\"}}],\"inLanguage\":\"en-GB\"},{\"@type\":\"Organization\",\"@id\":\"https:\\\/\\\/opensciencedays.ch\\\/#organization\",\"name\":\"Sciences Ouvertes\",\"url\":\"https:\\\/\\\/opensciencedays.ch\\\/\",\"logo\":{\"@type\":\"ImageObject\",\"inLanguage\":\"en-GB\",\"@id\":\"https:\\\/\\\/opensciencedays.ch\\\/#\\\/schema\\\/logo\\\/image\\\/\",\"url\":\"https:\\\/\\\/opensciencedays.ch\\\/wp-content\\\/uploads\\\/2024\\\/06\\\/Open-Science-Day-key-visual-RVB-transp.png\",\"contentUrl\":\"https:\\\/\\\/opensciencedays.ch\\\/wp-content\\\/uploads\\\/2024\\\/06\\\/Open-Science-Day-key-visual-RVB-transp.png\",\"width\":2869,\"height\":1984,\"caption\":\"Sciences Ouvertes\"},\"image\":{\"@id\":\"https:\\\/\\\/opensciencedays.ch\\\/#\\\/schema\\\/logo\\\/image\\\/\"}}]}<\/script>\n<!-- \/ Yoast SEO plugin. -->","yoast_head_json":{"title":"Archives 2024 - Sciences Ouvertes","robots":{"index":"index","follow":"follow","max-snippet":"max-snippet:-1","max-image-preview":"max-image-preview:large","max-video-preview":"max-video-preview:-1"},"canonical":"https:\/\/opensciencedays.ch\/en\/archives\/","og_locale":"en_GB","og_type":"article","og_title":"Archives 2024 - Sciences Ouvertes","og_description":"Journ\u00e9e 1 : Open Access Journ\u00e9e 2 : Open Research Data Journ\u00e9e 3 : Open Educational Resources Journ\u00e9e 4 : Citizen Sciences","og_url":"https:\/\/opensciencedays.ch\/en\/archives\/","og_site_name":"Sciences Ouvertes","article_modified_time":"2025-01-27T08:56:08+00:00","og_image":[{"width":2560,"height":1706,"url":"https:\/\/opensciencedays.ch\/wp-content\/uploads\/2024\/10\/DSCF2321-min-scaled.jpg","type":"image\/jpeg"}],"twitter_card":"summary_large_image","twitter_misc":{"Estimated reading time":"1 minute"},"schema":{"@context":"https:\/\/schema.org","@graph":[{"@type":"WebPage","@id":"https:\/\/opensciencedays.ch\/archives\/","url":"https:\/\/opensciencedays.ch\/archives\/","name":"Archives 2024 - Sciences Ouvertes","isPartOf":{"@id":"https:\/\/opensciencedays.ch\/#website"},"primaryImageOfPage":{"@id":"https:\/\/opensciencedays.ch\/archives\/#primaryimage"},"image":{"@id":"https:\/\/opensciencedays.ch\/archives\/#primaryimage"},"thumbnailUrl":"https:\/\/opensciencedays.ch\/wp-content\/uploads\/2024\/10\/DSCF2321-min-1023x682.jpg","datePublished":"2024-10-16T15:43:53+00:00","dateModified":"2025-01-27T08:56:08+00:00","breadcrumb":{"@id":"https:\/\/opensciencedays.ch\/archives\/#breadcrumb"},"inLanguage":"en-GB","potentialAction":[{"@type":"ReadAction","target":["https:\/\/opensciencedays.ch\/archives\/"]}]},{"@type":"ImageObject","inLanguage":"en-GB","@id":"https:\/\/opensciencedays.ch\/archives\/#primaryimage","url":"https:\/\/opensciencedays.ch\/wp-content\/uploads\/2024\/10\/DSCF2321-min-1023x682.jpg","contentUrl":"https:\/\/opensciencedays.ch\/wp-content\/uploads\/2024\/10\/DSCF2321-min-1023x682.jpg"},{"@type":"BreadcrumbList","@id":"https:\/\/opensciencedays.ch\/archives\/#breadcrumb","itemListElement":[{"@type":"ListItem","position":1,"name":"Accueil","item":"https:\/\/opensciencedays.ch\/"},{"@type":"ListItem","position":2,"name":"Archives 2024"}]},{"@type":"WebSite","@id":"https:\/\/opensciencedays.ch\/#website","url":"https:\/\/opensciencedays.ch\/","name":"Sciences Ouvertes","description":"2 journ\u00e9es pour lib\u00e9rer la science","publisher":{"@id":"https:\/\/opensciencedays.ch\/#organization"},"potentialAction":[{"@type":"SearchAction","target":{"@type":"EntryPoint","urlTemplate":"https:\/\/opensciencedays.ch\/?s={search_term_string}"},"query-input":{"@type":"PropertyValueSpecification","valueRequired":true,"valueName":"search_term_string"}}],"inLanguage":"en-GB"},{"@type":"Organization","@id":"https:\/\/opensciencedays.ch\/#organization","name":"Sciences Ouvertes","url":"https:\/\/opensciencedays.ch\/","logo":{"@type":"ImageObject","inLanguage":"en-GB","@id":"https:\/\/opensciencedays.ch\/#\/schema\/logo\/image\/","url":"https:\/\/opensciencedays.ch\/wp-content\/uploads\/2024\/06\/Open-Science-Day-key-visual-RVB-transp.png","contentUrl":"https:\/\/opensciencedays.ch\/wp-content\/uploads\/2024\/06\/Open-Science-Day-key-visual-RVB-transp.png","width":2869,"height":1984,"caption":"Sciences Ouvertes"},"image":{"@id":"https:\/\/opensciencedays.ch\/#\/schema\/logo\/image\/"}}]}},"_links":{"self":[{"href":"https:\/\/opensciencedays.ch\/en\/wp-json\/wp\/v2\/pages\/365","targetHints":{"allow":["GET"]}}],"collection":[{"href":"https:\/\/opensciencedays.ch\/en\/wp-json\/wp\/v2\/pages"}],"about":[{"href":"https:\/\/opensciencedays.ch\/en\/wp-json\/wp\/v2\/types\/page"}],"author":[{"embeddable":true,"href":"https:\/\/opensciencedays.ch\/en\/wp-json\/wp\/v2\/users\/3"}],"replies":[{"embeddable":true,"href":"https:\/\/opensciencedays.ch\/en\/wp-json\/wp\/v2\/comments?post=365"}],"version-history":[{"count":4,"href":"https:\/\/opensciencedays.ch\/en\/wp-json\/wp\/v2\/pages\/365\/revisions"}],"predecessor-version":[{"id":437,"href":"https:\/\/opensciencedays.ch\/en\/wp-json\/wp\/v2\/pages\/365\/revisions\/437"}],"wp:attachment":[{"href":"https:\/\/opensciencedays.ch\/en\/wp-json\/wp\/v2\/media?parent=365"}],"curies":[{"name":"wp","href":"https:\/\/api.w.org\/{rel}","templated":true}]}}