{"id":354,"date":"2024-10-15T07:48:37","date_gmt":"2024-10-15T07:48:37","guid":{"rendered":"https:\/\/opensciencedays.ch\/?page_id=354"},"modified":"2024-10-17T20:19:38","modified_gmt":"2024-10-17T20:19:38","slug":"archives-jour-4-citizen-science","status":"publish","type":"page","link":"https:\/\/opensciencedays.ch\/en\/archives-jour-4-citizen-science\/","title":{"rendered":"Archives jour 4 : Citizen Science"},"content":{"rendered":"<p>La science n&rsquo;est pas r\u00e9serv\u00e9e aux expert\u00b7es&nbsp;! Nous croyons que la science est une qu\u00eate collective et un bien commun. Lors de cette journ\u00e9e, nous avons examin\u00e9 comment les sciences citoyennes et\/ou participatives permettent \u00e0 chacun de devenir acteur et contributeur de la recherche, dans un processus de co-construction avec les scientifiques, favorisant ainsi une d\u00e9mocratisation de la production et de la diffusion du savoir. <\/p>\n\n\n\n<figure class=\"wp-block-gallery has-nested-images columns-default is-cropped wp-block-gallery-1 is-layout-flex wp-block-gallery-is-layout-flex\">\n<figure class=\"wp-block-image size-large\"><img loading=\"lazy\" decoding=\"async\" width=\"1024\" height=\"682\" data-id=\"405\" src=\"https:\/\/opensciencedays.ch\/wp-content\/uploads\/2024\/10\/46A3025-min-1024x682.jpg\" alt=\"\" class=\"wp-image-405\" srcset=\"https:\/\/opensciencedays.ch\/wp-content\/uploads\/2024\/10\/46A3025-min-1024x682.jpg 1024w, https:\/\/opensciencedays.ch\/wp-content\/uploads\/2024\/10\/46A3025-min-300x200.jpg 300w, https:\/\/opensciencedays.ch\/wp-content\/uploads\/2024\/10\/46A3025-min-768x512.jpg 768w, https:\/\/opensciencedays.ch\/wp-content\/uploads\/2024\/10\/46A3025-min-1536x1024.jpg 1536w, https:\/\/opensciencedays.ch\/wp-content\/uploads\/2024\/10\/46A3025-min-2048x1365.jpg 2048w, https:\/\/opensciencedays.ch\/wp-content\/uploads\/2024\/10\/46A3025-min-18x12.jpg 18w\" sizes=\"auto, (max-width: 1024px) 100vw, 1024px\" \/><\/figure>\n\n\n\n<figure class=\"wp-block-image size-large\"><img loading=\"lazy\" decoding=\"async\" width=\"1024\" height=\"682\" data-id=\"406\" src=\"https:\/\/opensciencedays.ch\/wp-content\/uploads\/2024\/10\/46A3035-min-1024x682.jpg\" alt=\"\" class=\"wp-image-406\" srcset=\"https:\/\/opensciencedays.ch\/wp-content\/uploads\/2024\/10\/46A3035-min-1024x682.jpg 1024w, https:\/\/opensciencedays.ch\/wp-content\/uploads\/2024\/10\/46A3035-min-300x200.jpg 300w, https:\/\/opensciencedays.ch\/wp-content\/uploads\/2024\/10\/46A3035-min-768x512.jpg 768w, https:\/\/opensciencedays.ch\/wp-content\/uploads\/2024\/10\/46A3035-min-1536x1024.jpg 1536w, https:\/\/opensciencedays.ch\/wp-content\/uploads\/2024\/10\/46A3035-min-2048x1365.jpg 2048w, https:\/\/opensciencedays.ch\/wp-content\/uploads\/2024\/10\/46A3035-min-18x12.jpg 18w\" sizes=\"auto, (max-width: 1024px) 100vw, 1024px\" \/><\/figure>\n\n\n\n<figure class=\"wp-block-image size-large\"><img loading=\"lazy\" decoding=\"async\" width=\"1023\" height=\"682\" data-id=\"404\" src=\"https:\/\/opensciencedays.ch\/wp-content\/uploads\/2024\/10\/46A3048-min-1023x682.jpg\" alt=\"\" class=\"wp-image-404\" srcset=\"https:\/\/opensciencedays.ch\/wp-content\/uploads\/2024\/10\/46A3048-min-1023x682.jpg 1023w, https:\/\/opensciencedays.ch\/wp-content\/uploads\/2024\/10\/46A3048-min-300x200.jpg 300w, https:\/\/opensciencedays.ch\/wp-content\/uploads\/2024\/10\/46A3048-min-768x512.jpg 768w, https:\/\/opensciencedays.ch\/wp-content\/uploads\/2024\/10\/46A3048-min-1536x1024.jpg 1536w, https:\/\/opensciencedays.ch\/wp-content\/uploads\/2024\/10\/46A3048-min-2047x1365.jpg 2047w, https:\/\/opensciencedays.ch\/wp-content\/uploads\/2024\/10\/46A3048-min-18x11.jpg 18w\" sizes=\"auto, (max-width: 1023px) 100vw, 1023px\" \/><\/figure>\n\n\n\n<figure class=\"wp-block-image size-large\"><img loading=\"lazy\" decoding=\"async\" width=\"1024\" height=\"682\" data-id=\"407\" src=\"https:\/\/opensciencedays.ch\/wp-content\/uploads\/2024\/10\/46A3052-min-1024x682.jpg\" alt=\"\" class=\"wp-image-407\" srcset=\"https:\/\/opensciencedays.ch\/wp-content\/uploads\/2024\/10\/46A3052-min-1024x682.jpg 1024w, https:\/\/opensciencedays.ch\/wp-content\/uploads\/2024\/10\/46A3052-min-300x200.jpg 300w, https:\/\/opensciencedays.ch\/wp-content\/uploads\/2024\/10\/46A3052-min-768x512.jpg 768w, https:\/\/opensciencedays.ch\/wp-content\/uploads\/2024\/10\/46A3052-min-1536x1024.jpg 1536w, https:\/\/opensciencedays.ch\/wp-content\/uploads\/2024\/10\/46A3052-min-2048x1365.jpg 2048w, https:\/\/opensciencedays.ch\/wp-content\/uploads\/2024\/10\/46A3052-min-18x12.jpg 18w\" sizes=\"auto, (max-width: 1024px) 100vw, 1024px\" \/><\/figure>\n\n\n\n<figure class=\"wp-block-image size-large\"><img loading=\"lazy\" decoding=\"async\" width=\"1024\" height=\"682\" data-id=\"408\" src=\"https:\/\/opensciencedays.ch\/wp-content\/uploads\/2024\/10\/46A3057-min-1024x682.jpg\" alt=\"\" class=\"wp-image-408\" srcset=\"https:\/\/opensciencedays.ch\/wp-content\/uploads\/2024\/10\/46A3057-min-1024x682.jpg 1024w, https:\/\/opensciencedays.ch\/wp-content\/uploads\/2024\/10\/46A3057-min-300x200.jpg 300w, https:\/\/opensciencedays.ch\/wp-content\/uploads\/2024\/10\/46A3057-min-768x512.jpg 768w, https:\/\/opensciencedays.ch\/wp-content\/uploads\/2024\/10\/46A3057-min-1536x1024.jpg 1536w, https:\/\/opensciencedays.ch\/wp-content\/uploads\/2024\/10\/46A3057-min-2048x1365.jpg 2048w, https:\/\/opensciencedays.ch\/wp-content\/uploads\/2024\/10\/46A3057-min-18x12.jpg 18w\" sizes=\"auto, (max-width: 1024px) 100vw, 1024px\" \/><\/figure>\n\n\n\n<figure class=\"wp-block-image size-large\"><img loading=\"lazy\" decoding=\"async\" width=\"1024\" height=\"682\" data-id=\"409\" src=\"https:\/\/opensciencedays.ch\/wp-content\/uploads\/2024\/10\/46A3123-min-1024x682.jpg\" alt=\"\" class=\"wp-image-409\" srcset=\"https:\/\/opensciencedays.ch\/wp-content\/uploads\/2024\/10\/46A3123-min-1024x682.jpg 1024w, https:\/\/opensciencedays.ch\/wp-content\/uploads\/2024\/10\/46A3123-min-300x200.jpg 300w, https:\/\/opensciencedays.ch\/wp-content\/uploads\/2024\/10\/46A3123-min-768x512.jpg 768w, https:\/\/opensciencedays.ch\/wp-content\/uploads\/2024\/10\/46A3123-min-1536x1024.jpg 1536w, https:\/\/opensciencedays.ch\/wp-content\/uploads\/2024\/10\/46A3123-min-2048x1365.jpg 2048w, https:\/\/opensciencedays.ch\/wp-content\/uploads\/2024\/10\/46A3123-min-18x12.jpg 18w\" sizes=\"auto, (max-width: 1024px) 100vw, 1024px\" \/><\/figure>\n\n\n\n<figure class=\"wp-block-image size-large\"><img loading=\"lazy\" decoding=\"async\" width=\"1024\" height=\"682\" data-id=\"410\" src=\"https:\/\/opensciencedays.ch\/wp-content\/uploads\/2024\/10\/DSCF2960-min-1024x682.jpg\" alt=\"\" class=\"wp-image-410\" srcset=\"https:\/\/opensciencedays.ch\/wp-content\/uploads\/2024\/10\/DSCF2960-min-1024x682.jpg 1024w, https:\/\/opensciencedays.ch\/wp-content\/uploads\/2024\/10\/DSCF2960-min-300x200.jpg 300w, https:\/\/opensciencedays.ch\/wp-content\/uploads\/2024\/10\/DSCF2960-min-768x512.jpg 768w, https:\/\/opensciencedays.ch\/wp-content\/uploads\/2024\/10\/DSCF2960-min-1536x1024.jpg 1536w, https:\/\/opensciencedays.ch\/wp-content\/uploads\/2024\/10\/DSCF2960-min-2048x1365.jpg 2048w, https:\/\/opensciencedays.ch\/wp-content\/uploads\/2024\/10\/DSCF2960-min-17x12.jpg 17w\" sizes=\"auto, (max-width: 1024px) 100vw, 1024px\" \/><\/figure>\n\n\n\n<figure class=\"wp-block-image size-large\"><img loading=\"lazy\" decoding=\"async\" width=\"1024\" height=\"682\" data-id=\"413\" src=\"https:\/\/opensciencedays.ch\/wp-content\/uploads\/2024\/10\/DSCF2989-min-1024x682.jpg\" alt=\"\" class=\"wp-image-413\" srcset=\"https:\/\/opensciencedays.ch\/wp-content\/uploads\/2024\/10\/DSCF2989-min-1024x682.jpg 1024w, https:\/\/opensciencedays.ch\/wp-content\/uploads\/2024\/10\/DSCF2989-min-300x199.jpg 300w, https:\/\/opensciencedays.ch\/wp-content\/uploads\/2024\/10\/DSCF2989-min-768x512.jpg 768w, https:\/\/opensciencedays.ch\/wp-content\/uploads\/2024\/10\/DSCF2989-min-1536x1023.jpg 1536w, https:\/\/opensciencedays.ch\/wp-content\/uploads\/2024\/10\/DSCF2989-min-18x12.jpg 18w\" sizes=\"auto, (max-width: 1024px) 100vw, 1024px\" \/><\/figure>\n\n\n\n<figure class=\"wp-block-image size-large\"><img loading=\"lazy\" decoding=\"async\" width=\"1024\" height=\"682\" data-id=\"412\" src=\"https:\/\/opensciencedays.ch\/wp-content\/uploads\/2024\/10\/DSCF3021-min-1024x682.jpg\" alt=\"\" class=\"wp-image-412\" srcset=\"https:\/\/opensciencedays.ch\/wp-content\/uploads\/2024\/10\/DSCF3021-min-1024x682.jpg 1024w, https:\/\/opensciencedays.ch\/wp-content\/uploads\/2024\/10\/DSCF3021-min-300x199.jpg 300w, https:\/\/opensciencedays.ch\/wp-content\/uploads\/2024\/10\/DSCF3021-min-768x512.jpg 768w, https:\/\/opensciencedays.ch\/wp-content\/uploads\/2024\/10\/DSCF3021-min-1536x1023.jpg 1536w, https:\/\/opensciencedays.ch\/wp-content\/uploads\/2024\/10\/DSCF3021-min-18x12.jpg 18w\" sizes=\"auto, (max-width: 1024px) 100vw, 1024px\" \/><\/figure>\n\n\n\n<figure class=\"wp-block-image size-large\"><img loading=\"lazy\" decoding=\"async\" width=\"1024\" height=\"682\" data-id=\"411\" src=\"https:\/\/opensciencedays.ch\/wp-content\/uploads\/2024\/10\/DSCF3031-min-1024x682.jpg\" alt=\"\" class=\"wp-image-411\" srcset=\"https:\/\/opensciencedays.ch\/wp-content\/uploads\/2024\/10\/DSCF3031-min-1024x682.jpg 1024w, https:\/\/opensciencedays.ch\/wp-content\/uploads\/2024\/10\/DSCF3031-min-300x199.jpg 300w, https:\/\/opensciencedays.ch\/wp-content\/uploads\/2024\/10\/DSCF3031-min-768x512.jpg 768w, https:\/\/opensciencedays.ch\/wp-content\/uploads\/2024\/10\/DSCF3031-min-1536x1024.jpg 1536w, https:\/\/opensciencedays.ch\/wp-content\/uploads\/2024\/10\/DSCF3031-min-2048x1365.jpg 2048w, https:\/\/opensciencedays.ch\/wp-content\/uploads\/2024\/10\/DSCF3031-min-18x12.jpg 18w\" sizes=\"auto, (max-width: 1024px) 100vw, 1024px\" \/><\/figure>\n\n\n\n<figure class=\"wp-block-image size-large\"><img loading=\"lazy\" decoding=\"async\" width=\"682\" height=\"1024\" data-id=\"414\" src=\"https:\/\/opensciencedays.ch\/wp-content\/uploads\/2024\/10\/DSCF3053-min-682x1024.jpg\" alt=\"\" class=\"wp-image-414\" srcset=\"https:\/\/opensciencedays.ch\/wp-content\/uploads\/2024\/10\/DSCF3053-min-682x1024.jpg 682w, https:\/\/opensciencedays.ch\/wp-content\/uploads\/2024\/10\/DSCF3053-min-199x300.jpg 199w, https:\/\/opensciencedays.ch\/wp-content\/uploads\/2024\/10\/DSCF3053-min-768x1152.jpg 768w, https:\/\/opensciencedays.ch\/wp-content\/uploads\/2024\/10\/DSCF3053-min-1023x1536.jpg 1023w, https:\/\/opensciencedays.ch\/wp-content\/uploads\/2024\/10\/DSCF3053-min-1365x2048.jpg 1365w, https:\/\/opensciencedays.ch\/wp-content\/uploads\/2024\/10\/DSCF3053-min-7x12.jpg 7w, https:\/\/opensciencedays.ch\/wp-content\/uploads\/2024\/10\/DSCF3053-min-scaled.jpg 1706w\" sizes=\"auto, (max-width: 682px) 100vw, 682px\" \/><\/figure>\n<\/figure>\n\n\n\n<hr class=\"wp-block-separator has-alpha-channel-opacity\"\/>\n\n\n\n<p><strong>Quand l\u2019exp\u00e9rience des sciences participatives nous donne \u00e0 penser les sciences en soci\u00e9t\u00e9<\/strong><\/p>\n\n\n\n<figure class=\"wp-block-embed is-type-video is-provider-youtube wp-block-embed-youtube wp-embed-aspect-16-9 wp-has-aspect-ratio\"><div class=\"wp-block-embed__wrapper\">\n<iframe loading=\"lazy\" title=\"Open science days 2024 : day 4 &quot;Citizen sciences&quot;  Sciences participatives et soci\u00e9t\u00e9\" width=\"500\" height=\"281\" src=\"https:\/\/www.youtube.com\/embed\/JgE4ksx2F_4?feature=oembed\" frameborder=\"0\" allow=\"accelerometer; autoplay; clipboard-write; encrypted-media; gyroscope; picture-in-picture; web-share\" referrerpolicy=\"strict-origin-when-cross-origin\" allowfullscreen><\/iframe>\n<\/div><\/figure>\n\n\n\n<hr class=\"wp-block-separator has-alpha-channel-opacity\"\/>\n\n\n\n<p><strong>Pr\u00e9sentation d\u2019Interface<\/strong><\/p>\n\n\n\n<figure class=\"wp-block-embed is-type-video is-provider-youtube wp-block-embed-youtube wp-embed-aspect-16-9 wp-has-aspect-ratio\"><div class=\"wp-block-embed__wrapper\">\n<iframe loading=\"lazy\" title=\"Open science days 2024 : day 4 &quot;Citizen sciences&quot;  Pr\u00e9sentation d&#039;Interface (UNIL)\" width=\"500\" height=\"281\" src=\"https:\/\/www.youtube.com\/embed\/ASZaouU6QZc?feature=oembed\" frameborder=\"0\" allow=\"accelerometer; autoplay; clipboard-write; encrypted-media; gyroscope; picture-in-picture; web-share\" referrerpolicy=\"strict-origin-when-cross-origin\" allowfullscreen><\/iframe>\n<\/div><\/figure>\n\n\n\n<hr class=\"wp-block-separator has-alpha-channel-opacity\"\/>\n\n\n\n<p><strong>Projets participatifs au service de l\u2019environnement<\/strong><\/p>\n\n\n\n<figure class=\"wp-block-embed is-type-video is-provider-youtube wp-block-embed-youtube wp-embed-aspect-16-9 wp-has-aspect-ratio\"><div class=\"wp-block-embed__wrapper\">\n<iframe loading=\"lazy\" title=\"Open science days 2024 : day 4 &quot;Citizen sciences&quot; Projets participatif au service de l&#039;environnement\" width=\"500\" height=\"281\" src=\"https:\/\/www.youtube.com\/embed\/NIq_rEoTHHQ?feature=oembed\" frameborder=\"0\" allow=\"accelerometer; autoplay; clipboard-write; encrypted-media; gyroscope; picture-in-picture; web-share\" referrerpolicy=\"strict-origin-when-cross-origin\" allowfullscreen><\/iframe>\n<\/div><\/figure>\n\n\n\n<hr class=\"wp-block-separator has-alpha-channel-opacity\"\/>\n\n\n\n<p><strong>Lightning talks<\/strong><\/p>\n\n\n\n<figure class=\"wp-block-embed is-type-video is-provider-youtube wp-block-embed-youtube wp-embed-aspect-16-9 wp-has-aspect-ratio\"><div class=\"wp-block-embed__wrapper\">\n<iframe loading=\"lazy\" title=\"Open science days 2024 : day 4 &quot;Citizen sciences&quot; Lightning talk - talk 1\" width=\"500\" height=\"281\" src=\"https:\/\/www.youtube.com\/embed\/Q_Tc8EWzLDI?feature=oembed\" frameborder=\"0\" allow=\"accelerometer; autoplay; clipboard-write; encrypted-media; gyroscope; picture-in-picture; web-share\" referrerpolicy=\"strict-origin-when-cross-origin\" allowfullscreen><\/iframe>\n<\/div><\/figure>\n\n\n\n<p><a href=\"https:\/\/opensciencedays.ch\/wp-content\/uploads\/2024\/10\/5.09_Open-science-Day_ASauvegardeLeman.pdf\">&gt;&gt; T\u00e9l\u00e9charger la pr\u00e9sentation<\/a><\/p>\n\n\n\n<figure class=\"wp-block-embed is-type-video is-provider-youtube wp-block-embed-youtube wp-embed-aspect-16-9 wp-has-aspect-ratio\"><div class=\"wp-block-embed__wrapper\">\n<iframe loading=\"lazy\" title=\"Open science days 2024 : day 4 &quot;Citizen sciences&quot; Lightning talk - talk 2\" width=\"500\" height=\"281\" src=\"https:\/\/www.youtube.com\/embed\/a-lEXgpo3Ls?feature=oembed\" frameborder=\"0\" allow=\"accelerometer; autoplay; clipboard-write; encrypted-media; gyroscope; picture-in-picture; web-share\" referrerpolicy=\"strict-origin-when-cross-origin\" allowfullscreen><\/iframe>\n<\/div><\/figure>\n\n\n\n<p><a href=\"https:\/\/opensciencedays.ch\/wp-content\/uploads\/2024\/10\/Open-science_Moulin_Oppal.pdf\">&gt;&gt; T\u00e9l\u00e9charger la pr\u00e9sentation<\/a><\/p>\n\n\n\n<figure class=\"wp-block-embed is-type-video is-provider-youtube wp-block-embed-youtube wp-embed-aspect-16-9 wp-has-aspect-ratio\"><div class=\"wp-block-embed__wrapper\">\n<iframe loading=\"lazy\" title=\"Open science days 2024 : day 4 &quot;Citizen sciences&quot; Lightning talk - talk 3\" width=\"500\" height=\"281\" src=\"https:\/\/www.youtube.com\/embed\/xmCWA918vgE?feature=oembed\" frameborder=\"0\" allow=\"accelerometer; autoplay; clipboard-write; encrypted-media; gyroscope; picture-in-picture; web-share\" referrerpolicy=\"strict-origin-when-cross-origin\" allowfullscreen><\/iframe>\n<\/div><\/figure>\n\n\n\n<p><a href=\"https:\/\/opensciencedays.ch\/wp-content\/uploads\/2024\/10\/002-OSI-Drone-Citizen-Connection-for-Climate.pdf\">>> T\u00e9l\u00e9charger la pr\u00e9sentation<\/a><\/p>","protected":false},"excerpt":{"rendered":"<p>La science n&rsquo;est pas r\u00e9serv\u00e9e aux expert\u00b7es&nbsp;! Nous croyons que la science est une qu\u00eate collective et un bien commun. Lors de cette journ\u00e9e, nous avons examin\u00e9 comment les sciences citoyennes et\/ou participatives permettent \u00e0 chacun de devenir acteur et contributeur de la recherche, dans un processus de co-construction avec les scientifiques, favorisant ainsi une [&hellip;]<\/p>\n","protected":false},"author":3,"featured_media":0,"parent":0,"menu_order":0,"comment_status":"closed","ping_status":"closed","template":"","meta":{"_acf_changed":false,"footnotes":""},"class_list":["post-354","page","type-page","status-publish","hentry"],"acf":[],"yoast_head":"<!-- This site is optimized with the Yoast SEO plugin v27.3 - https:\/\/yoast.com\/product\/yoast-seo-wordpress\/ -->\n<title>Archives jour 4 : Citizen Science - Sciences Ouvertes<\/title>\n<meta name=\"robots\" content=\"index, follow, max-snippet:-1, max-image-preview:large, max-video-preview:-1\" \/>\n<link rel=\"canonical\" href=\"https:\/\/opensciencedays.ch\/en\/archives-jour-4-citizen-science\/\" \/>\n<meta property=\"og:locale\" content=\"en_GB\" \/>\n<meta property=\"og:type\" content=\"article\" \/>\n<meta property=\"og:title\" content=\"Archives jour 4 : Citizen Science - Sciences Ouvertes\" \/>\n<meta property=\"og:description\" content=\"La science n&rsquo;est pas r\u00e9serv\u00e9e aux expert\u00b7es&nbsp;! Nous croyons que la science est une qu\u00eate collective et un bien commun. Lors de cette journ\u00e9e, nous avons examin\u00e9 comment les sciences citoyennes et\/ou participatives permettent \u00e0 chacun de devenir acteur et contributeur de la recherche, dans un processus de co-construction avec les scientifiques, favorisant ainsi une [&hellip;]\" \/>\n<meta property=\"og:url\" content=\"https:\/\/opensciencedays.ch\/en\/archives-jour-4-citizen-science\/\" \/>\n<meta property=\"og:site_name\" content=\"Sciences Ouvertes\" \/>\n<meta property=\"article:modified_time\" content=\"2024-10-17T20:19:38+00:00\" \/>\n<meta property=\"og:image\" content=\"https:\/\/opensciencedays.ch\/wp-content\/uploads\/2024\/10\/46A3025-min-scaled.jpg\" \/>\n\t<meta property=\"og:image:width\" content=\"2560\" \/>\n\t<meta property=\"og:image:height\" content=\"1706\" \/>\n\t<meta property=\"og:image:type\" content=\"image\/jpeg\" \/>\n<meta name=\"twitter:card\" content=\"summary_large_image\" \/>\n<meta name=\"twitter:label1\" content=\"Estimated reading time\" \/>\n\t<meta name=\"twitter:data1\" content=\"3 minutes\" \/>\n<script type=\"application\/ld+json\" class=\"yoast-schema-graph\">{\"@context\":\"https:\\\/\\\/schema.org\",\"@graph\":[{\"@type\":\"WebPage\",\"@id\":\"https:\\\/\\\/opensciencedays.ch\\\/archives-jour-4-citizen-science\\\/\",\"url\":\"https:\\\/\\\/opensciencedays.ch\\\/archives-jour-4-citizen-science\\\/\",\"name\":\"Archives jour 4 : Citizen Science - Sciences Ouvertes\",\"isPartOf\":{\"@id\":\"https:\\\/\\\/opensciencedays.ch\\\/#website\"},\"primaryImageOfPage\":{\"@id\":\"https:\\\/\\\/opensciencedays.ch\\\/archives-jour-4-citizen-science\\\/#primaryimage\"},\"image\":{\"@id\":\"https:\\\/\\\/opensciencedays.ch\\\/archives-jour-4-citizen-science\\\/#primaryimage\"},\"thumbnailUrl\":\"https:\\\/\\\/opensciencedays.ch\\\/wp-content\\\/uploads\\\/2024\\\/10\\\/46A3025-min-1024x682.jpg\",\"datePublished\":\"2024-10-15T07:48:37+00:00\",\"dateModified\":\"2024-10-17T20:19:38+00:00\",\"breadcrumb\":{\"@id\":\"https:\\\/\\\/opensciencedays.ch\\\/archives-jour-4-citizen-science\\\/#breadcrumb\"},\"inLanguage\":\"en-GB\",\"potentialAction\":[{\"@type\":\"ReadAction\",\"target\":[\"https:\\\/\\\/opensciencedays.ch\\\/archives-jour-4-citizen-science\\\/\"]}]},{\"@type\":\"ImageObject\",\"inLanguage\":\"en-GB\",\"@id\":\"https:\\\/\\\/opensciencedays.ch\\\/archives-jour-4-citizen-science\\\/#primaryimage\",\"url\":\"https:\\\/\\\/opensciencedays.ch\\\/wp-content\\\/uploads\\\/2024\\\/10\\\/46A3025-min-1024x682.jpg\",\"contentUrl\":\"https:\\\/\\\/opensciencedays.ch\\\/wp-content\\\/uploads\\\/2024\\\/10\\\/46A3025-min-1024x682.jpg\"},{\"@type\":\"BreadcrumbList\",\"@id\":\"https:\\\/\\\/opensciencedays.ch\\\/archives-jour-4-citizen-science\\\/#breadcrumb\",\"itemListElement\":[{\"@type\":\"ListItem\",\"position\":1,\"name\":\"Accueil\",\"item\":\"https:\\\/\\\/opensciencedays.ch\\\/\"},{\"@type\":\"ListItem\",\"position\":2,\"name\":\"Archives jour 4 : Citizen Science\"}]},{\"@type\":\"WebSite\",\"@id\":\"https:\\\/\\\/opensciencedays.ch\\\/#website\",\"url\":\"https:\\\/\\\/opensciencedays.ch\\\/\",\"name\":\"Sciences Ouvertes\",\"description\":\"2 journ\u00e9es pour lib\u00e9rer la science\",\"publisher\":{\"@id\":\"https:\\\/\\\/opensciencedays.ch\\\/#organization\"},\"potentialAction\":[{\"@type\":\"SearchAction\",\"target\":{\"@type\":\"EntryPoint\",\"urlTemplate\":\"https:\\\/\\\/opensciencedays.ch\\\/?s={search_term_string}\"},\"query-input\":{\"@type\":\"PropertyValueSpecification\",\"valueRequired\":true,\"valueName\":\"search_term_string\"}}],\"inLanguage\":\"en-GB\"},{\"@type\":\"Organization\",\"@id\":\"https:\\\/\\\/opensciencedays.ch\\\/#organization\",\"name\":\"Sciences Ouvertes\",\"url\":\"https:\\\/\\\/opensciencedays.ch\\\/\",\"logo\":{\"@type\":\"ImageObject\",\"inLanguage\":\"en-GB\",\"@id\":\"https:\\\/\\\/opensciencedays.ch\\\/#\\\/schema\\\/logo\\\/image\\\/\",\"url\":\"https:\\\/\\\/opensciencedays.ch\\\/wp-content\\\/uploads\\\/2024\\\/06\\\/Open-Science-Day-key-visual-RVB-transp.png\",\"contentUrl\":\"https:\\\/\\\/opensciencedays.ch\\\/wp-content\\\/uploads\\\/2024\\\/06\\\/Open-Science-Day-key-visual-RVB-transp.png\",\"width\":2869,\"height\":1984,\"caption\":\"Sciences Ouvertes\"},\"image\":{\"@id\":\"https:\\\/\\\/opensciencedays.ch\\\/#\\\/schema\\\/logo\\\/image\\\/\"}}]}<\/script>\n<!-- \/ Yoast SEO plugin. -->","yoast_head_json":{"title":"Archives jour 4 : Citizen Science - Sciences Ouvertes","robots":{"index":"index","follow":"follow","max-snippet":"max-snippet:-1","max-image-preview":"max-image-preview:large","max-video-preview":"max-video-preview:-1"},"canonical":"https:\/\/opensciencedays.ch\/en\/archives-jour-4-citizen-science\/","og_locale":"en_GB","og_type":"article","og_title":"Archives jour 4 : Citizen Science - Sciences Ouvertes","og_description":"La science n&rsquo;est pas r\u00e9serv\u00e9e aux expert\u00b7es&nbsp;! Nous croyons que la science est une qu\u00eate collective et un bien commun. Lors de cette journ\u00e9e, nous avons examin\u00e9 comment les sciences citoyennes et\/ou participatives permettent \u00e0 chacun de devenir acteur et contributeur de la recherche, dans un processus de co-construction avec les scientifiques, favorisant ainsi une [&hellip;]","og_url":"https:\/\/opensciencedays.ch\/en\/archives-jour-4-citizen-science\/","og_site_name":"Sciences Ouvertes","article_modified_time":"2024-10-17T20:19:38+00:00","og_image":[{"width":2560,"height":1706,"url":"https:\/\/opensciencedays.ch\/wp-content\/uploads\/2024\/10\/46A3025-min-scaled.jpg","type":"image\/jpeg"}],"twitter_card":"summary_large_image","twitter_misc":{"Estimated reading time":"3 minutes"},"schema":{"@context":"https:\/\/schema.org","@graph":[{"@type":"WebPage","@id":"https:\/\/opensciencedays.ch\/archives-jour-4-citizen-science\/","url":"https:\/\/opensciencedays.ch\/archives-jour-4-citizen-science\/","name":"Archives jour 4 : Citizen Science - Sciences Ouvertes","isPartOf":{"@id":"https:\/\/opensciencedays.ch\/#website"},"primaryImageOfPage":{"@id":"https:\/\/opensciencedays.ch\/archives-jour-4-citizen-science\/#primaryimage"},"image":{"@id":"https:\/\/opensciencedays.ch\/archives-jour-4-citizen-science\/#primaryimage"},"thumbnailUrl":"https:\/\/opensciencedays.ch\/wp-content\/uploads\/2024\/10\/46A3025-min-1024x682.jpg","datePublished":"2024-10-15T07:48:37+00:00","dateModified":"2024-10-17T20:19:38+00:00","breadcrumb":{"@id":"https:\/\/opensciencedays.ch\/archives-jour-4-citizen-science\/#breadcrumb"},"inLanguage":"en-GB","potentialAction":[{"@type":"ReadAction","target":["https:\/\/opensciencedays.ch\/archives-jour-4-citizen-science\/"]}]},{"@type":"ImageObject","inLanguage":"en-GB","@id":"https:\/\/opensciencedays.ch\/archives-jour-4-citizen-science\/#primaryimage","url":"https:\/\/opensciencedays.ch\/wp-content\/uploads\/2024\/10\/46A3025-min-1024x682.jpg","contentUrl":"https:\/\/opensciencedays.ch\/wp-content\/uploads\/2024\/10\/46A3025-min-1024x682.jpg"},{"@type":"BreadcrumbList","@id":"https:\/\/opensciencedays.ch\/archives-jour-4-citizen-science\/#breadcrumb","itemListElement":[{"@type":"ListItem","position":1,"name":"Accueil","item":"https:\/\/opensciencedays.ch\/"},{"@type":"ListItem","position":2,"name":"Archives jour 4 : Citizen Science"}]},{"@type":"WebSite","@id":"https:\/\/opensciencedays.ch\/#website","url":"https:\/\/opensciencedays.ch\/","name":"Sciences Ouvertes","description":"2 journ\u00e9es pour lib\u00e9rer la science","publisher":{"@id":"https:\/\/opensciencedays.ch\/#organization"},"potentialAction":[{"@type":"SearchAction","target":{"@type":"EntryPoint","urlTemplate":"https:\/\/opensciencedays.ch\/?s={search_term_string}"},"query-input":{"@type":"PropertyValueSpecification","valueRequired":true,"valueName":"search_term_string"}}],"inLanguage":"en-GB"},{"@type":"Organization","@id":"https:\/\/opensciencedays.ch\/#organization","name":"Sciences Ouvertes","url":"https:\/\/opensciencedays.ch\/","logo":{"@type":"ImageObject","inLanguage":"en-GB","@id":"https:\/\/opensciencedays.ch\/#\/schema\/logo\/image\/","url":"https:\/\/opensciencedays.ch\/wp-content\/uploads\/2024\/06\/Open-Science-Day-key-visual-RVB-transp.png","contentUrl":"https:\/\/opensciencedays.ch\/wp-content\/uploads\/2024\/06\/Open-Science-Day-key-visual-RVB-transp.png","width":2869,"height":1984,"caption":"Sciences Ouvertes"},"image":{"@id":"https:\/\/opensciencedays.ch\/#\/schema\/logo\/image\/"}}]}},"_links":{"self":[{"href":"https:\/\/opensciencedays.ch\/en\/wp-json\/wp\/v2\/pages\/354","targetHints":{"allow":["GET"]}}],"collection":[{"href":"https:\/\/opensciencedays.ch\/en\/wp-json\/wp\/v2\/pages"}],"about":[{"href":"https:\/\/opensciencedays.ch\/en\/wp-json\/wp\/v2\/types\/page"}],"author":[{"embeddable":true,"href":"https:\/\/opensciencedays.ch\/en\/wp-json\/wp\/v2\/users\/3"}],"replies":[{"embeddable":true,"href":"https:\/\/opensciencedays.ch\/en\/wp-json\/wp\/v2\/comments?post=354"}],"version-history":[{"count":4,"href":"https:\/\/opensciencedays.ch\/en\/wp-json\/wp\/v2\/pages\/354\/revisions"}],"predecessor-version":[{"id":423,"href":"https:\/\/opensciencedays.ch\/en\/wp-json\/wp\/v2\/pages\/354\/revisions\/423"}],"wp:attachment":[{"href":"https:\/\/opensciencedays.ch\/en\/wp-json\/wp\/v2\/media?parent=354"}],"curies":[{"name":"wp","href":"https:\/\/api.w.org\/{rel}","templated":true}]}}