{"id":348,"date":"2024-10-10T09:39:28","date_gmt":"2024-10-10T09:39:28","guid":{"rendered":"https:\/\/opensciencedays.ch\/?page_id=348"},"modified":"2024-10-16T15:40:37","modified_gmt":"2024-10-16T15:40:37","slug":"archives-jour-3-open-educational-resources","status":"publish","type":"page","link":"https:\/\/opensciencedays.ch\/en\/archives-jour-3-open-educational-resources\/","title":{"rendered":"Archives jour 3 : Open Educational Resources"},"content":{"rendered":"<p>Lors de cette journ\u00e9e, nous avons d\u00e9couvert comment les ressources \u00e9ducatives libres ouvrent de nouvelles voies pour l\u2019enseignement et l&rsquo;apprentissage. Nous avons explor\u00e9 comment le partage de ces ressources peut enrichir les m\u00e9thodes d&rsquo;enseignement, stimuler l&rsquo;engagement des \u00e9tudiant\u00b7es ou des \u00e9l\u00e8ves et encourager l&rsquo;apprentissage tout au long de la vie.<\/p>\n\n\n\n<figure class=\"wp-block-gallery has-nested-images columns-default is-cropped wp-block-gallery-1 is-layout-flex wp-block-gallery-is-layout-flex\">\n<figure class=\"wp-block-image size-large\"><img loading=\"lazy\" decoding=\"async\" width=\"1024\" height=\"682\" data-id=\"392\" src=\"https:\/\/opensciencedays.ch\/wp-content\/uploads\/2024\/10\/46A2680-min-1024x682.jpg\" alt=\"\" class=\"wp-image-392\" srcset=\"https:\/\/opensciencedays.ch\/wp-content\/uploads\/2024\/10\/46A2680-min-1024x682.jpg 1024w, https:\/\/opensciencedays.ch\/wp-content\/uploads\/2024\/10\/46A2680-min-300x200.jpg 300w, https:\/\/opensciencedays.ch\/wp-content\/uploads\/2024\/10\/46A2680-min-768x512.jpg 768w, https:\/\/opensciencedays.ch\/wp-content\/uploads\/2024\/10\/46A2680-min-1536x1024.jpg 1536w, https:\/\/opensciencedays.ch\/wp-content\/uploads\/2024\/10\/46A2680-min-2048x1365.jpg 2048w, https:\/\/opensciencedays.ch\/wp-content\/uploads\/2024\/10\/46A2680-min-18x12.jpg 18w\" sizes=\"auto, (max-width: 1024px) 100vw, 1024px\" \/><\/figure>\n\n\n\n<figure class=\"wp-block-image size-large\"><img loading=\"lazy\" decoding=\"async\" width=\"1024\" height=\"682\" data-id=\"394\" src=\"https:\/\/opensciencedays.ch\/wp-content\/uploads\/2024\/10\/46A2685-min-1-1024x682.jpg\" alt=\"\" class=\"wp-image-394\" srcset=\"https:\/\/opensciencedays.ch\/wp-content\/uploads\/2024\/10\/46A2685-min-1-1024x682.jpg 1024w, https:\/\/opensciencedays.ch\/wp-content\/uploads\/2024\/10\/46A2685-min-1-300x200.jpg 300w, https:\/\/opensciencedays.ch\/wp-content\/uploads\/2024\/10\/46A2685-min-1-768x512.jpg 768w, https:\/\/opensciencedays.ch\/wp-content\/uploads\/2024\/10\/46A2685-min-1-1536x1024.jpg 1536w, https:\/\/opensciencedays.ch\/wp-content\/uploads\/2024\/10\/46A2685-min-1-2048x1365.jpg 2048w, https:\/\/opensciencedays.ch\/wp-content\/uploads\/2024\/10\/46A2685-min-1-18x12.jpg 18w\" sizes=\"auto, (max-width: 1024px) 100vw, 1024px\" \/><\/figure>\n\n\n\n<figure class=\"wp-block-image size-large\"><img loading=\"lazy\" decoding=\"async\" width=\"1024\" height=\"682\" data-id=\"395\" src=\"https:\/\/opensciencedays.ch\/wp-content\/uploads\/2024\/10\/46A2734-min-1024x682.jpg\" alt=\"\" class=\"wp-image-395\" srcset=\"https:\/\/opensciencedays.ch\/wp-content\/uploads\/2024\/10\/46A2734-min-1024x682.jpg 1024w, https:\/\/opensciencedays.ch\/wp-content\/uploads\/2024\/10\/46A2734-min-300x200.jpg 300w, https:\/\/opensciencedays.ch\/wp-content\/uploads\/2024\/10\/46A2734-min-768x512.jpg 768w, https:\/\/opensciencedays.ch\/wp-content\/uploads\/2024\/10\/46A2734-min-1536x1024.jpg 1536w, https:\/\/opensciencedays.ch\/wp-content\/uploads\/2024\/10\/46A2734-min-2048x1365.jpg 2048w, https:\/\/opensciencedays.ch\/wp-content\/uploads\/2024\/10\/46A2734-min-18x12.jpg 18w\" sizes=\"auto, (max-width: 1024px) 100vw, 1024px\" \/><\/figure>\n\n\n\n<figure class=\"wp-block-image size-large\"><img loading=\"lazy\" decoding=\"async\" width=\"1024\" height=\"682\" data-id=\"393\" src=\"https:\/\/opensciencedays.ch\/wp-content\/uploads\/2024\/10\/46A2746-min-1024x682.jpg\" alt=\"\" class=\"wp-image-393\" srcset=\"https:\/\/opensciencedays.ch\/wp-content\/uploads\/2024\/10\/46A2746-min-1024x682.jpg 1024w, https:\/\/opensciencedays.ch\/wp-content\/uploads\/2024\/10\/46A2746-min-300x200.jpg 300w, https:\/\/opensciencedays.ch\/wp-content\/uploads\/2024\/10\/46A2746-min-768x512.jpg 768w, https:\/\/opensciencedays.ch\/wp-content\/uploads\/2024\/10\/46A2746-min-1536x1024.jpg 1536w, https:\/\/opensciencedays.ch\/wp-content\/uploads\/2024\/10\/46A2746-min-2048x1365.jpg 2048w, https:\/\/opensciencedays.ch\/wp-content\/uploads\/2024\/10\/46A2746-min-18x12.jpg 18w\" sizes=\"auto, (max-width: 1024px) 100vw, 1024px\" \/><\/figure>\n\n\n\n<figure class=\"wp-block-image size-large\"><img loading=\"lazy\" decoding=\"async\" width=\"682\" height=\"1024\" data-id=\"397\" src=\"https:\/\/opensciencedays.ch\/wp-content\/uploads\/2024\/10\/46A2799-min-682x1024.jpg\" alt=\"\" class=\"wp-image-397\" srcset=\"https:\/\/opensciencedays.ch\/wp-content\/uploads\/2024\/10\/46A2799-min-682x1024.jpg 682w, https:\/\/opensciencedays.ch\/wp-content\/uploads\/2024\/10\/46A2799-min-200x300.jpg 200w, https:\/\/opensciencedays.ch\/wp-content\/uploads\/2024\/10\/46A2799-min-768x1152.jpg 768w, https:\/\/opensciencedays.ch\/wp-content\/uploads\/2024\/10\/46A2799-min-1024x1536.jpg 1024w, https:\/\/opensciencedays.ch\/wp-content\/uploads\/2024\/10\/46A2799-min-1365x2048.jpg 1365w, https:\/\/opensciencedays.ch\/wp-content\/uploads\/2024\/10\/46A2799-min-8x12.jpg 8w, https:\/\/opensciencedays.ch\/wp-content\/uploads\/2024\/10\/46A2799-min-scaled.jpg 1706w\" sizes=\"auto, (max-width: 682px) 100vw, 682px\" \/><\/figure>\n\n\n\n<figure class=\"wp-block-image size-large\"><img loading=\"lazy\" decoding=\"async\" width=\"1024\" height=\"682\" data-id=\"396\" src=\"https:\/\/opensciencedays.ch\/wp-content\/uploads\/2024\/10\/DSCF2884-min-1024x682.jpg\" alt=\"\" class=\"wp-image-396\" srcset=\"https:\/\/opensciencedays.ch\/wp-content\/uploads\/2024\/10\/DSCF2884-min-1024x682.jpg 1024w, https:\/\/opensciencedays.ch\/wp-content\/uploads\/2024\/10\/DSCF2884-min-300x200.jpg 300w, https:\/\/opensciencedays.ch\/wp-content\/uploads\/2024\/10\/DSCF2884-min-768x512.jpg 768w, https:\/\/opensciencedays.ch\/wp-content\/uploads\/2024\/10\/DSCF2884-min-1536x1024.jpg 1536w, https:\/\/opensciencedays.ch\/wp-content\/uploads\/2024\/10\/DSCF2884-min-2048x1365.jpg 2048w, https:\/\/opensciencedays.ch\/wp-content\/uploads\/2024\/10\/DSCF2884-min-18x12.jpg 18w\" sizes=\"auto, (max-width: 1024px) 100vw, 1024px\" \/><\/figure>\n\n\n\n<figure class=\"wp-block-image size-large\"><img loading=\"lazy\" decoding=\"async\" width=\"682\" height=\"1024\" data-id=\"398\" src=\"https:\/\/opensciencedays.ch\/wp-content\/uploads\/2024\/10\/DSCF2913-min-682x1024.jpg\" alt=\"\" class=\"wp-image-398\" srcset=\"https:\/\/opensciencedays.ch\/wp-content\/uploads\/2024\/10\/DSCF2913-min-682x1024.jpg 682w, https:\/\/opensciencedays.ch\/wp-content\/uploads\/2024\/10\/DSCF2913-min-199x300.jpg 199w, https:\/\/opensciencedays.ch\/wp-content\/uploads\/2024\/10\/DSCF2913-min-768x1152.jpg 768w, https:\/\/opensciencedays.ch\/wp-content\/uploads\/2024\/10\/DSCF2913-min-1023x1536.jpg 1023w, https:\/\/opensciencedays.ch\/wp-content\/uploads\/2024\/10\/DSCF2913-min-7x12.jpg 7w\" sizes=\"auto, (max-width: 682px) 100vw, 682px\" \/><\/figure>\n\n\n\n<figure class=\"wp-block-image size-large\"><img loading=\"lazy\" decoding=\"async\" width=\"1024\" height=\"682\" data-id=\"401\" src=\"https:\/\/opensciencedays.ch\/wp-content\/uploads\/2024\/10\/DSCF2918-min-1024x682.jpg\" alt=\"\" class=\"wp-image-401\" srcset=\"https:\/\/opensciencedays.ch\/wp-content\/uploads\/2024\/10\/DSCF2918-min-1024x682.jpg 1024w, https:\/\/opensciencedays.ch\/wp-content\/uploads\/2024\/10\/DSCF2918-min-300x200.jpg 300w, https:\/\/opensciencedays.ch\/wp-content\/uploads\/2024\/10\/DSCF2918-min-768x512.jpg 768w, https:\/\/opensciencedays.ch\/wp-content\/uploads\/2024\/10\/DSCF2918-min-1536x1024.jpg 1536w, https:\/\/opensciencedays.ch\/wp-content\/uploads\/2024\/10\/DSCF2918-min-2048x1365.jpg 2048w, https:\/\/opensciencedays.ch\/wp-content\/uploads\/2024\/10\/DSCF2918-min-17x12.jpg 17w\" sizes=\"auto, (max-width: 1024px) 100vw, 1024px\" \/><\/figure>\n\n\n\n<figure class=\"wp-block-image size-large\"><img loading=\"lazy\" decoding=\"async\" width=\"1024\" height=\"682\" data-id=\"399\" src=\"https:\/\/opensciencedays.ch\/wp-content\/uploads\/2024\/10\/DSCF2938-min-1024x682.jpg\" alt=\"\" class=\"wp-image-399\" srcset=\"https:\/\/opensciencedays.ch\/wp-content\/uploads\/2024\/10\/DSCF2938-min-1024x682.jpg 1024w, https:\/\/opensciencedays.ch\/wp-content\/uploads\/2024\/10\/DSCF2938-min-300x199.jpg 300w, https:\/\/opensciencedays.ch\/wp-content\/uploads\/2024\/10\/DSCF2938-min-768x512.jpg 768w, https:\/\/opensciencedays.ch\/wp-content\/uploads\/2024\/10\/DSCF2938-min-1536x1023.jpg 1536w, https:\/\/opensciencedays.ch\/wp-content\/uploads\/2024\/10\/DSCF2938-min-18x12.jpg 18w\" sizes=\"auto, (max-width: 1024px) 100vw, 1024px\" \/><\/figure>\n\n\n\n<figure class=\"wp-block-image size-large\"><img loading=\"lazy\" decoding=\"async\" width=\"1024\" height=\"682\" data-id=\"400\" src=\"https:\/\/opensciencedays.ch\/wp-content\/uploads\/2024\/10\/DSCF2956-min-1024x682.jpg\" alt=\"\" class=\"wp-image-400\" srcset=\"https:\/\/opensciencedays.ch\/wp-content\/uploads\/2024\/10\/DSCF2956-min-1024x682.jpg 1024w, https:\/\/opensciencedays.ch\/wp-content\/uploads\/2024\/10\/DSCF2956-min-300x199.jpg 300w, https:\/\/opensciencedays.ch\/wp-content\/uploads\/2024\/10\/DSCF2956-min-768x512.jpg 768w, https:\/\/opensciencedays.ch\/wp-content\/uploads\/2024\/10\/DSCF2956-min-1536x1023.jpg 1536w, https:\/\/opensciencedays.ch\/wp-content\/uploads\/2024\/10\/DSCF2956-min-2048x1365.jpg 2048w, https:\/\/opensciencedays.ch\/wp-content\/uploads\/2024\/10\/DSCF2956-min-18x11.jpg 18w\" sizes=\"auto, (max-width: 1024px) 100vw, 1024px\" \/><\/figure>\n<\/figure>\n\n\n\n<hr class=\"wp-block-separator has-alpha-channel-opacity\"\/>\n\n\n\n<p><strong>Les Ressources Educatives Libres au temps de l\u2019IA<\/strong><\/p>\n\n\n\n<figure class=\"wp-block-embed is-type-video is-provider-youtube wp-block-embed-youtube wp-embed-aspect-16-9 wp-has-aspect-ratio\"><div class=\"wp-block-embed__wrapper\">\n<iframe loading=\"lazy\" title=\"Open science days 2024 : day 3 &quot;OER&quot; Les ressources \u00e9ducatives libres au temps de l&#039;IA\" width=\"500\" height=\"281\" src=\"https:\/\/www.youtube.com\/embed\/FDBp0OgaM3k?feature=oembed\" frameborder=\"0\" allow=\"accelerometer; autoplay; clipboard-write; encrypted-media; gyroscope; picture-in-picture; web-share\" referrerpolicy=\"strict-origin-when-cross-origin\" allowfullscreen><\/iframe>\n<\/div><\/figure>\n\n\n\n<hr class=\"wp-block-separator has-alpha-channel-opacity\"\/>\n\n\n\n<p><strong>La fabriqueREL : un mod\u00e8le qu\u00e9b\u00e9cois pour soutenir la cr\u00e9ation et l\u2019utilisation de ressources \u00e9ducatives libres en enseignement sup\u00e9rieur<\/strong><\/p>\n\n\n\n<figure class=\"wp-block-embed is-type-video is-provider-youtube wp-block-embed-youtube wp-embed-aspect-16-9 wp-has-aspect-ratio\"><div class=\"wp-block-embed__wrapper\">\n<iframe loading=\"lazy\" title=\"Open science days 2024 : day 3 &quot;OER&quot; La Fabriquerel : un mod\u00e8le qu\u00e9b\u00e9cois\" width=\"500\" height=\"281\" src=\"https:\/\/www.youtube.com\/embed\/VNi03ubQ2S0?feature=oembed\" frameborder=\"0\" allow=\"accelerometer; autoplay; clipboard-write; encrypted-media; gyroscope; picture-in-picture; web-share\" referrerpolicy=\"strict-origin-when-cross-origin\" allowfullscreen><\/iframe>\n<\/div><\/figure>\n\n\n\n<hr class=\"wp-block-separator has-alpha-channel-opacity\"\/>\n\n\n\n<p><strong>Lightning talks<\/strong><\/p>\n\n\n\n<figure class=\"wp-block-embed is-type-video is-provider-youtube wp-block-embed-youtube wp-embed-aspect-16-9 wp-has-aspect-ratio\"><div class=\"wp-block-embed__wrapper\">\n<iframe loading=\"lazy\" title=\"Open science days 2024 : day 3 &quot;OER&quot;  Lightning talks &quot;Les OER en pratique&quot;. Talk 1\" width=\"500\" height=\"281\" src=\"https:\/\/www.youtube.com\/embed\/KTHwg7Dy3HY?feature=oembed\" frameborder=\"0\" allow=\"accelerometer; autoplay; clipboard-write; encrypted-media; gyroscope; picture-in-picture; web-share\" referrerpolicy=\"strict-origin-when-cross-origin\" allowfullscreen><\/iframe>\n<\/div><\/figure>\n\n\n\n<figure class=\"wp-block-embed is-type-video is-provider-youtube wp-block-embed-youtube wp-embed-aspect-16-9 wp-has-aspect-ratio\"><div class=\"wp-block-embed__wrapper\">\n<iframe loading=\"lazy\" title=\"Open science days 2024 : day 3 &quot;OER&quot;  Lightning talks &quot;Les OER en pratique&quot;. Talk 2\" width=\"500\" height=\"281\" src=\"https:\/\/www.youtube.com\/embed\/FefY6Cszy8A?feature=oembed\" frameborder=\"0\" allow=\"accelerometer; autoplay; clipboard-write; encrypted-media; gyroscope; picture-in-picture; web-share\" referrerpolicy=\"strict-origin-when-cross-origin\" allowfullscreen><\/iframe>\n<\/div><\/figure>\n\n\n\n<p><a href=\"https:\/\/opensciencedays.ch\/wp-content\/uploads\/2024\/10\/OER_EPFL.pdf\">&gt;&gt; T\u00e9l\u00e9charger la pr\u00e9sentation<\/a><\/p>\n\n\n\n<figure class=\"wp-block-embed is-type-video is-provider-youtube wp-block-embed-youtube wp-embed-aspect-16-9 wp-has-aspect-ratio\"><div class=\"wp-block-embed__wrapper\">\n<iframe loading=\"lazy\" title=\"Open science days 2024 : day 3 &quot;OER&quot;  Lightning talks &quot;Les OER en pratique&quot;. Talk 3\" width=\"500\" height=\"281\" src=\"https:\/\/www.youtube.com\/embed\/yRJTTtULof8?feature=oembed\" frameborder=\"0\" allow=\"accelerometer; autoplay; clipboard-write; encrypted-media; gyroscope; picture-in-picture; web-share\" referrerpolicy=\"strict-origin-when-cross-origin\" allowfullscreen><\/iframe>\n<\/div><\/figure>\n\n\n\n<p><a href=\"https:\/\/opensciencedays.ch\/wp-content\/uploads\/2024\/10\/HEP-Presentation-ACL-20240903-compressed.pdf\">&gt;&gt; T\u00e9l\u00e9charger la pr\u00e9sentation<\/a><\/p>\n\n\n\n<figure class=\"wp-block-embed is-type-video is-provider-youtube wp-block-embed-youtube wp-embed-aspect-16-9 wp-has-aspect-ratio\"><div class=\"wp-block-embed__wrapper\">\n<iframe loading=\"lazy\" title=\"Open science days 2024 : day 3 &quot;OER&quot;  Lightning talks &quot;Les OER en pratique&quot;. Talk 4\" width=\"500\" height=\"281\" src=\"https:\/\/www.youtube.com\/embed\/jfNsUkJqVAY?feature=oembed\" frameborder=\"0\" allow=\"accelerometer; autoplay; clipboard-write; encrypted-media; gyroscope; picture-in-picture; web-share\" referrerpolicy=\"strict-origin-when-cross-origin\" allowfullscreen><\/iframe>\n<\/div><\/figure>","protected":false},"excerpt":{"rendered":"<p>Lors de cette journ\u00e9e, nous avons d\u00e9couvert comment les ressources \u00e9ducatives libres ouvrent de nouvelles voies pour l\u2019enseignement et l&rsquo;apprentissage. Nous avons explor\u00e9 comment le partage de ces ressources peut enrichir les m\u00e9thodes d&rsquo;enseignement, stimuler l&rsquo;engagement des \u00e9tudiant\u00b7es ou des \u00e9l\u00e8ves et encourager l&rsquo;apprentissage tout au long de la vie. Les Ressources Educatives Libres au [&hellip;]<\/p>\n","protected":false},"author":3,"featured_media":0,"parent":0,"menu_order":0,"comment_status":"closed","ping_status":"closed","template":"","meta":{"_acf_changed":false,"footnotes":""},"class_list":["post-348","page","type-page","status-publish","hentry"],"acf":[],"yoast_head":"<!-- This site is optimized with the Yoast SEO plugin v27.3 - https:\/\/yoast.com\/product\/yoast-seo-wordpress\/ -->\n<title>Archives jour 3 : Open Educational Resources - Sciences Ouvertes<\/title>\n<meta name=\"robots\" content=\"index, follow, max-snippet:-1, max-image-preview:large, max-video-preview:-1\" \/>\n<link rel=\"canonical\" href=\"https:\/\/opensciencedays.ch\/en\/archives-jour-3-open-educational-resources\/\" \/>\n<meta property=\"og:locale\" content=\"en_GB\" \/>\n<meta property=\"og:type\" content=\"article\" \/>\n<meta property=\"og:title\" content=\"Archives jour 3 : Open Educational Resources - Sciences Ouvertes\" \/>\n<meta property=\"og:description\" content=\"Lors de cette journ\u00e9e, nous avons d\u00e9couvert comment les ressources \u00e9ducatives libres ouvrent de nouvelles voies pour l\u2019enseignement et l&rsquo;apprentissage. Nous avons explor\u00e9 comment le partage de ces ressources peut enrichir les m\u00e9thodes d&rsquo;enseignement, stimuler l&rsquo;engagement des \u00e9tudiant\u00b7es ou des \u00e9l\u00e8ves et encourager l&rsquo;apprentissage tout au long de la vie. Les Ressources Educatives Libres au [&hellip;]\" \/>\n<meta property=\"og:url\" content=\"https:\/\/opensciencedays.ch\/en\/archives-jour-3-open-educational-resources\/\" \/>\n<meta property=\"og:site_name\" content=\"Sciences Ouvertes\" \/>\n<meta property=\"article:modified_time\" content=\"2024-10-16T15:40:37+00:00\" \/>\n<meta property=\"og:image\" content=\"https:\/\/opensciencedays.ch\/wp-content\/uploads\/2024\/10\/46A2680-min-scaled.jpg\" \/>\n\t<meta property=\"og:image:width\" content=\"2560\" \/>\n\t<meta property=\"og:image:height\" content=\"1706\" \/>\n\t<meta property=\"og:image:type\" content=\"image\/jpeg\" \/>\n<meta name=\"twitter:card\" content=\"summary_large_image\" \/>\n<meta name=\"twitter:label1\" content=\"Estimated reading time\" \/>\n\t<meta name=\"twitter:data1\" content=\"3 minutes\" \/>\n<script type=\"application\/ld+json\" class=\"yoast-schema-graph\">{\"@context\":\"https:\\\/\\\/schema.org\",\"@graph\":[{\"@type\":\"WebPage\",\"@id\":\"https:\\\/\\\/opensciencedays.ch\\\/archives-jour-3-open-educational-resources\\\/\",\"url\":\"https:\\\/\\\/opensciencedays.ch\\\/archives-jour-3-open-educational-resources\\\/\",\"name\":\"Archives jour 3 : Open Educational Resources - Sciences Ouvertes\",\"isPartOf\":{\"@id\":\"https:\\\/\\\/opensciencedays.ch\\\/#website\"},\"primaryImageOfPage\":{\"@id\":\"https:\\\/\\\/opensciencedays.ch\\\/archives-jour-3-open-educational-resources\\\/#primaryimage\"},\"image\":{\"@id\":\"https:\\\/\\\/opensciencedays.ch\\\/archives-jour-3-open-educational-resources\\\/#primaryimage\"},\"thumbnailUrl\":\"https:\\\/\\\/opensciencedays.ch\\\/wp-content\\\/uploads\\\/2024\\\/10\\\/46A2680-min-1024x682.jpg\",\"datePublished\":\"2024-10-10T09:39:28+00:00\",\"dateModified\":\"2024-10-16T15:40:37+00:00\",\"breadcrumb\":{\"@id\":\"https:\\\/\\\/opensciencedays.ch\\\/archives-jour-3-open-educational-resources\\\/#breadcrumb\"},\"inLanguage\":\"en-GB\",\"potentialAction\":[{\"@type\":\"ReadAction\",\"target\":[\"https:\\\/\\\/opensciencedays.ch\\\/archives-jour-3-open-educational-resources\\\/\"]}]},{\"@type\":\"ImageObject\",\"inLanguage\":\"en-GB\",\"@id\":\"https:\\\/\\\/opensciencedays.ch\\\/archives-jour-3-open-educational-resources\\\/#primaryimage\",\"url\":\"https:\\\/\\\/opensciencedays.ch\\\/wp-content\\\/uploads\\\/2024\\\/10\\\/46A2680-min-1024x682.jpg\",\"contentUrl\":\"https:\\\/\\\/opensciencedays.ch\\\/wp-content\\\/uploads\\\/2024\\\/10\\\/46A2680-min-1024x682.jpg\"},{\"@type\":\"BreadcrumbList\",\"@id\":\"https:\\\/\\\/opensciencedays.ch\\\/archives-jour-3-open-educational-resources\\\/#breadcrumb\",\"itemListElement\":[{\"@type\":\"ListItem\",\"position\":1,\"name\":\"Accueil\",\"item\":\"https:\\\/\\\/opensciencedays.ch\\\/\"},{\"@type\":\"ListItem\",\"position\":2,\"name\":\"Archives jour 3 : Open Educational Resources\"}]},{\"@type\":\"WebSite\",\"@id\":\"https:\\\/\\\/opensciencedays.ch\\\/#website\",\"url\":\"https:\\\/\\\/opensciencedays.ch\\\/\",\"name\":\"Sciences Ouvertes\",\"description\":\"2 journ\u00e9es pour lib\u00e9rer la science\",\"publisher\":{\"@id\":\"https:\\\/\\\/opensciencedays.ch\\\/#organization\"},\"potentialAction\":[{\"@type\":\"SearchAction\",\"target\":{\"@type\":\"EntryPoint\",\"urlTemplate\":\"https:\\\/\\\/opensciencedays.ch\\\/?s={search_term_string}\"},\"query-input\":{\"@type\":\"PropertyValueSpecification\",\"valueRequired\":true,\"valueName\":\"search_term_string\"}}],\"inLanguage\":\"en-GB\"},{\"@type\":\"Organization\",\"@id\":\"https:\\\/\\\/opensciencedays.ch\\\/#organization\",\"name\":\"Sciences Ouvertes\",\"url\":\"https:\\\/\\\/opensciencedays.ch\\\/\",\"logo\":{\"@type\":\"ImageObject\",\"inLanguage\":\"en-GB\",\"@id\":\"https:\\\/\\\/opensciencedays.ch\\\/#\\\/schema\\\/logo\\\/image\\\/\",\"url\":\"https:\\\/\\\/opensciencedays.ch\\\/wp-content\\\/uploads\\\/2024\\\/06\\\/Open-Science-Day-key-visual-RVB-transp.png\",\"contentUrl\":\"https:\\\/\\\/opensciencedays.ch\\\/wp-content\\\/uploads\\\/2024\\\/06\\\/Open-Science-Day-key-visual-RVB-transp.png\",\"width\":2869,\"height\":1984,\"caption\":\"Sciences Ouvertes\"},\"image\":{\"@id\":\"https:\\\/\\\/opensciencedays.ch\\\/#\\\/schema\\\/logo\\\/image\\\/\"}}]}<\/script>\n<!-- \/ Yoast SEO plugin. -->","yoast_head_json":{"title":"Archives jour 3 : Open Educational Resources - Sciences Ouvertes","robots":{"index":"index","follow":"follow","max-snippet":"max-snippet:-1","max-image-preview":"max-image-preview:large","max-video-preview":"max-video-preview:-1"},"canonical":"https:\/\/opensciencedays.ch\/en\/archives-jour-3-open-educational-resources\/","og_locale":"en_GB","og_type":"article","og_title":"Archives jour 3 : Open Educational Resources - Sciences Ouvertes","og_description":"Lors de cette journ\u00e9e, nous avons d\u00e9couvert comment les ressources \u00e9ducatives libres ouvrent de nouvelles voies pour l\u2019enseignement et l&rsquo;apprentissage. Nous avons explor\u00e9 comment le partage de ces ressources peut enrichir les m\u00e9thodes d&rsquo;enseignement, stimuler l&rsquo;engagement des \u00e9tudiant\u00b7es ou des \u00e9l\u00e8ves et encourager l&rsquo;apprentissage tout au long de la vie. Les Ressources Educatives Libres au [&hellip;]","og_url":"https:\/\/opensciencedays.ch\/en\/archives-jour-3-open-educational-resources\/","og_site_name":"Sciences Ouvertes","article_modified_time":"2024-10-16T15:40:37+00:00","og_image":[{"width":2560,"height":1706,"url":"https:\/\/opensciencedays.ch\/wp-content\/uploads\/2024\/10\/46A2680-min-scaled.jpg","type":"image\/jpeg"}],"twitter_card":"summary_large_image","twitter_misc":{"Estimated reading time":"3 minutes"},"schema":{"@context":"https:\/\/schema.org","@graph":[{"@type":"WebPage","@id":"https:\/\/opensciencedays.ch\/archives-jour-3-open-educational-resources\/","url":"https:\/\/opensciencedays.ch\/archives-jour-3-open-educational-resources\/","name":"Archives jour 3 : Open Educational Resources - Sciences Ouvertes","isPartOf":{"@id":"https:\/\/opensciencedays.ch\/#website"},"primaryImageOfPage":{"@id":"https:\/\/opensciencedays.ch\/archives-jour-3-open-educational-resources\/#primaryimage"},"image":{"@id":"https:\/\/opensciencedays.ch\/archives-jour-3-open-educational-resources\/#primaryimage"},"thumbnailUrl":"https:\/\/opensciencedays.ch\/wp-content\/uploads\/2024\/10\/46A2680-min-1024x682.jpg","datePublished":"2024-10-10T09:39:28+00:00","dateModified":"2024-10-16T15:40:37+00:00","breadcrumb":{"@id":"https:\/\/opensciencedays.ch\/archives-jour-3-open-educational-resources\/#breadcrumb"},"inLanguage":"en-GB","potentialAction":[{"@type":"ReadAction","target":["https:\/\/opensciencedays.ch\/archives-jour-3-open-educational-resources\/"]}]},{"@type":"ImageObject","inLanguage":"en-GB","@id":"https:\/\/opensciencedays.ch\/archives-jour-3-open-educational-resources\/#primaryimage","url":"https:\/\/opensciencedays.ch\/wp-content\/uploads\/2024\/10\/46A2680-min-1024x682.jpg","contentUrl":"https:\/\/opensciencedays.ch\/wp-content\/uploads\/2024\/10\/46A2680-min-1024x682.jpg"},{"@type":"BreadcrumbList","@id":"https:\/\/opensciencedays.ch\/archives-jour-3-open-educational-resources\/#breadcrumb","itemListElement":[{"@type":"ListItem","position":1,"name":"Accueil","item":"https:\/\/opensciencedays.ch\/"},{"@type":"ListItem","position":2,"name":"Archives jour 3 : Open Educational Resources"}]},{"@type":"WebSite","@id":"https:\/\/opensciencedays.ch\/#website","url":"https:\/\/opensciencedays.ch\/","name":"Sciences Ouvertes","description":"2 journ\u00e9es pour lib\u00e9rer la science","publisher":{"@id":"https:\/\/opensciencedays.ch\/#organization"},"potentialAction":[{"@type":"SearchAction","target":{"@type":"EntryPoint","urlTemplate":"https:\/\/opensciencedays.ch\/?s={search_term_string}"},"query-input":{"@type":"PropertyValueSpecification","valueRequired":true,"valueName":"search_term_string"}}],"inLanguage":"en-GB"},{"@type":"Organization","@id":"https:\/\/opensciencedays.ch\/#organization","name":"Sciences Ouvertes","url":"https:\/\/opensciencedays.ch\/","logo":{"@type":"ImageObject","inLanguage":"en-GB","@id":"https:\/\/opensciencedays.ch\/#\/schema\/logo\/image\/","url":"https:\/\/opensciencedays.ch\/wp-content\/uploads\/2024\/06\/Open-Science-Day-key-visual-RVB-transp.png","contentUrl":"https:\/\/opensciencedays.ch\/wp-content\/uploads\/2024\/06\/Open-Science-Day-key-visual-RVB-transp.png","width":2869,"height":1984,"caption":"Sciences Ouvertes"},"image":{"@id":"https:\/\/opensciencedays.ch\/#\/schema\/logo\/image\/"}}]}},"_links":{"self":[{"href":"https:\/\/opensciencedays.ch\/en\/wp-json\/wp\/v2\/pages\/348","targetHints":{"allow":["GET"]}}],"collection":[{"href":"https:\/\/opensciencedays.ch\/en\/wp-json\/wp\/v2\/pages"}],"about":[{"href":"https:\/\/opensciencedays.ch\/en\/wp-json\/wp\/v2\/types\/page"}],"author":[{"embeddable":true,"href":"https:\/\/opensciencedays.ch\/en\/wp-json\/wp\/v2\/users\/3"}],"replies":[{"embeddable":true,"href":"https:\/\/opensciencedays.ch\/en\/wp-json\/wp\/v2\/comments?post=348"}],"version-history":[{"count":2,"href":"https:\/\/opensciencedays.ch\/en\/wp-json\/wp\/v2\/pages\/348\/revisions"}],"predecessor-version":[{"id":402,"href":"https:\/\/opensciencedays.ch\/en\/wp-json\/wp\/v2\/pages\/348\/revisions\/402"}],"wp:attachment":[{"href":"https:\/\/opensciencedays.ch\/en\/wp-json\/wp\/v2\/media?parent=348"}],"curies":[{"name":"wp","href":"https:\/\/api.w.org\/{rel}","templated":true}]}}