{"id":81,"date":"2024-05-22T09:29:32","date_gmt":"2024-05-22T09:29:32","guid":{"rendered":"http:\/\/open-science-days.local\/?page_id=81"},"modified":"2024-07-18T06:02:12","modified_gmt":"2024-07-18T06:02:12","slug":"infos-pratique","status":"publish","type":"page","link":"http:\/\/opensciencedays.ch\/fr\/infos-pratique\/","title":{"rendered":"Infos pratiques"},"content":{"rendered":"\n<p>Cet \u00e9v\u00e9nement est enti\u00e8rement gratuit. Veuillez noter que les interventions pr\u00e9sent\u00e9es lors de cette conf\u00e9rence ne sont pas le r\u00e9sultat d&rsquo;un appel \u00e0 projet ou de soumissions revues par les pairs. Les pr\u00e9sentatrices et pr\u00e9sentateurs ont \u00e9t\u00e9 invit\u00e9s par les organisateurs de l&rsquo;\u00e9v\u00e9nement.<\/p>\n\n\n\n<h2 class=\"wp-block-heading\">Sponsors<\/h2>\n\n\n\n<figure class=\"wp-block-gallery has-nested-images columns-default is-cropped wp-block-gallery-1 is-layout-flex wp-block-gallery-is-layout-flex\">\n<figure class=\"wp-block-image size-large\"><img loading=\"lazy\" decoding=\"async\" width=\"1024\" height=\"601\" data-id=\"258\" src=\"https:\/\/opensciencedays.ch\/wp-content\/uploads\/2024\/06\/swissuniversities-resize-1-1024x601.png\" alt=\"\" class=\"wp-image-258\" srcset=\"https:\/\/opensciencedays.ch\/wp-content\/uploads\/2024\/06\/swissuniversities-resize-1-1024x601.png 1024w, https:\/\/opensciencedays.ch\/wp-content\/uploads\/2024\/06\/swissuniversities-resize-1-300x176.png 300w, https:\/\/opensciencedays.ch\/wp-content\/uploads\/2024\/06\/swissuniversities-resize-1-1536x902.png 1536w, https:\/\/opensciencedays.ch\/wp-content\/uploads\/2024\/06\/swissuniversities-resize-1-2048x1203.png 2048w, https:\/\/opensciencedays.ch\/wp-content\/uploads\/2024\/06\/swissuniversities-resize-1-18x10.png 18w, https:\/\/opensciencedays.ch\/wp-content\/uploads\/2024\/06\/swissuniversities-resize-1.png 223w\" sizes=\"auto, (max-width: 1024px) 100vw, 1024px\" \/><\/figure>\n\n\n\n<figure class=\"wp-block-image size-large\"><img loading=\"lazy\" decoding=\"async\" width=\"1024\" height=\"601\" data-id=\"257\" src=\"https:\/\/opensciencedays.ch\/wp-content\/uploads\/2024\/06\/FNS-1-1-1024x601.png\" alt=\"\" class=\"wp-image-257\" srcset=\"https:\/\/opensciencedays.ch\/wp-content\/uploads\/2024\/06\/FNS-1-1-1024x601.png 1024w, https:\/\/opensciencedays.ch\/wp-content\/uploads\/2024\/06\/FNS-1-1-300x176.png 300w, https:\/\/opensciencedays.ch\/wp-content\/uploads\/2024\/06\/FNS-1-1-1536x902.png 1536w, https:\/\/opensciencedays.ch\/wp-content\/uploads\/2024\/06\/FNS-1-1-2048x1203.png 2048w, https:\/\/opensciencedays.ch\/wp-content\/uploads\/2024\/06\/FNS-1-1-18x10.png 18w, https:\/\/opensciencedays.ch\/wp-content\/uploads\/2024\/06\/FNS-1-1.png 223w\" sizes=\"auto, (max-width: 1024px) 100vw, 1024px\" \/><\/figure>\n<\/figure>\n\n\n\n<h2 class=\"wp-block-heading\">Partenaires<\/h2>\n\n\n\n<figure class=\"wp-block-gallery has-nested-images columns-default is-cropped wp-block-gallery-2 is-layout-flex wp-block-gallery-is-layout-flex\">\n<figure class=\"wp-block-image size-large\"><img loading=\"lazy\" decoding=\"async\" width=\"1024\" height=\"601\" data-id=\"256\" src=\"https:\/\/opensciencedays.ch\/wp-content\/uploads\/2024\/06\/logo-bcul-1-1024x601.png\" alt=\"\" class=\"wp-image-256\" srcset=\"https:\/\/opensciencedays.ch\/wp-content\/uploads\/2024\/06\/logo-bcul-1-1024x601.png 1024w, https:\/\/opensciencedays.ch\/wp-content\/uploads\/2024\/06\/logo-bcul-1-300x176.png 300w, https:\/\/opensciencedays.ch\/wp-content\/uploads\/2024\/06\/logo-bcul-1-1536x902.png 1536w, https:\/\/opensciencedays.ch\/wp-content\/uploads\/2024\/06\/logo-bcul-1-2048x1203.png 2048w, https:\/\/opensciencedays.ch\/wp-content\/uploads\/2024\/06\/logo-bcul-1-18x10.png 18w, https:\/\/opensciencedays.ch\/wp-content\/uploads\/2024\/06\/logo-bcul-1.png 223w\" sizes=\"auto, (max-width: 1024px) 100vw, 1024px\" \/><\/figure>\n\n\n\n<figure class=\"wp-block-image size-large\"><img loading=\"lazy\" decoding=\"async\" width=\"1024\" height=\"512\" data-id=\"301\" src=\"https:\/\/opensciencedays.ch\/wp-content\/uploads\/2024\/06\/HEMU-1024x512.jpg\" alt=\"\" class=\"wp-image-301\" srcset=\"https:\/\/opensciencedays.ch\/wp-content\/uploads\/2024\/06\/HEMU-1024x512.jpg 1024w, https:\/\/opensciencedays.ch\/wp-content\/uploads\/2024\/06\/HEMU-300x150.jpg 300w, https:\/\/opensciencedays.ch\/wp-content\/uploads\/2024\/06\/HEMU-768x384.jpg 768w, https:\/\/opensciencedays.ch\/wp-content\/uploads\/2024\/06\/HEMU-1536x768.jpg 1536w, https:\/\/opensciencedays.ch\/wp-content\/uploads\/2024\/06\/HEMU-2048x1024.jpg 2048w, https:\/\/opensciencedays.ch\/wp-content\/uploads\/2024\/06\/HEMU-18x9.jpg 18w, https:\/\/opensciencedays.ch\/wp-content\/uploads\/2024\/06\/HEMU.jpg 800w\" sizes=\"auto, (max-width: 1024px) 100vw, 1024px\" \/><\/figure>\n<\/figure>\n","protected":false},"excerpt":{"rendered":"<p>Cet \u00e9v\u00e9nement est enti\u00e8rement gratuit. Veuillez noter que les interventions pr\u00e9sent\u00e9es lors de cette conf\u00e9rence ne sont pas le r\u00e9sultat d&rsquo;un appel \u00e0 projet ou de soumissions revues par les pairs. Les pr\u00e9sentatrices et pr\u00e9sentateurs ont \u00e9t\u00e9 invit\u00e9s par les organisateurs de l&rsquo;\u00e9v\u00e9nement. Sponsors Partenaires<\/p>\n","protected":false},"author":2,"featured_media":0,"parent":0,"menu_order":0,"comment_status":"closed","ping_status":"closed","template":"templates\/template-infos.php","meta":{"_acf_changed":false,"footnotes":""},"class_list":["post-81","page","type-page","status-publish","hentry"],"acf":[],"yoast_head":"<!-- This site is optimized with the Yoast SEO plugin v27.4 - https:\/\/yoast.com\/product\/yoast-seo-wordpress\/ -->\n<title>Infos pratiques - Sciences Ouvertes<\/title>\n<meta name=\"robots\" content=\"index, follow, max-snippet:-1, max-image-preview:large, max-video-preview:-1\" \/>\n<link rel=\"canonical\" href=\"https:\/\/opensciencedays.ch\/fr\/infos-pratique\/\" \/>\n<meta property=\"og:locale\" content=\"fr_FR\" \/>\n<meta property=\"og:type\" content=\"article\" \/>\n<meta property=\"og:title\" content=\"Infos pratiques - Sciences Ouvertes\" \/>\n<meta property=\"og:description\" content=\"Cet \u00e9v\u00e9nement est enti\u00e8rement gratuit. Veuillez noter que les interventions pr\u00e9sent\u00e9es lors de cette conf\u00e9rence ne sont pas le r\u00e9sultat d&rsquo;un appel \u00e0 projet ou de soumissions revues par les pairs. Les pr\u00e9sentatrices et pr\u00e9sentateurs ont \u00e9t\u00e9 invit\u00e9s par les organisateurs de l&rsquo;\u00e9v\u00e9nement. Sponsors Partenaires\" \/>\n<meta property=\"og:url\" content=\"https:\/\/opensciencedays.ch\/fr\/infos-pratique\/\" \/>\n<meta property=\"og:site_name\" content=\"Sciences Ouvertes\" \/>\n<meta property=\"article:modified_time\" content=\"2024-07-18T06:02:12+00:00\" \/>\n<meta property=\"og:image\" content=\"https:\/\/opensciencedays.ch\/wp-content\/uploads\/2024\/06\/swissuniversities-resize-1-1024x601.png\" \/>\n<meta name=\"twitter:card\" content=\"summary_large_image\" \/>\n<meta name=\"twitter:label1\" content=\"Dur\u00e9e de lecture estim\u00e9e\" \/>\n\t<meta name=\"twitter:data1\" content=\"2 minutes\" \/>\n<script type=\"application\/ld+json\" class=\"yoast-schema-graph\">{\"@context\":\"https:\\\/\\\/schema.org\",\"@graph\":[{\"@type\":\"WebPage\",\"@id\":\"https:\\\/\\\/opensciencedays.ch\\\/infos-pratique\\\/\",\"url\":\"https:\\\/\\\/opensciencedays.ch\\\/infos-pratique\\\/\",\"name\":\"Infos pratiques - Sciences Ouvertes\",\"isPartOf\":{\"@id\":\"https:\\\/\\\/opensciencedays.ch\\\/#website\"},\"primaryImageOfPage\":{\"@id\":\"https:\\\/\\\/opensciencedays.ch\\\/infos-pratique\\\/#primaryimage\"},\"image\":{\"@id\":\"https:\\\/\\\/opensciencedays.ch\\\/infos-pratique\\\/#primaryimage\"},\"thumbnailUrl\":\"https:\\\/\\\/opensciencedays.ch\\\/wp-content\\\/uploads\\\/2024\\\/06\\\/swissuniversities-resize-1-1024x601.png\",\"datePublished\":\"2024-05-22T09:29:32+00:00\",\"dateModified\":\"2024-07-18T06:02:12+00:00\",\"breadcrumb\":{\"@id\":\"https:\\\/\\\/opensciencedays.ch\\\/infos-pratique\\\/#breadcrumb\"},\"inLanguage\":\"fr-FR\",\"potentialAction\":[{\"@type\":\"ReadAction\",\"target\":[\"https:\\\/\\\/opensciencedays.ch\\\/infos-pratique\\\/\"]}]},{\"@type\":\"ImageObject\",\"inLanguage\":\"fr-FR\",\"@id\":\"https:\\\/\\\/opensciencedays.ch\\\/infos-pratique\\\/#primaryimage\",\"url\":\"https:\\\/\\\/opensciencedays.ch\\\/wp-content\\\/uploads\\\/2024\\\/06\\\/swissuniversities-resize-1-1024x601.png\",\"contentUrl\":\"https:\\\/\\\/opensciencedays.ch\\\/wp-content\\\/uploads\\\/2024\\\/06\\\/swissuniversities-resize-1-1024x601.png\"},{\"@type\":\"BreadcrumbList\",\"@id\":\"https:\\\/\\\/opensciencedays.ch\\\/infos-pratique\\\/#breadcrumb\",\"itemListElement\":[{\"@type\":\"ListItem\",\"position\":1,\"name\":\"Accueil\",\"item\":\"https:\\\/\\\/opensciencedays.ch\\\/\"},{\"@type\":\"ListItem\",\"position\":2,\"name\":\"Infos pratiques\"}]},{\"@type\":\"WebSite\",\"@id\":\"https:\\\/\\\/opensciencedays.ch\\\/#website\",\"url\":\"https:\\\/\\\/opensciencedays.ch\\\/\",\"name\":\"Sciences Ouvertes\",\"description\":\"2 journ\u00e9es pour lib\u00e9rer la science\",\"publisher\":{\"@id\":\"https:\\\/\\\/opensciencedays.ch\\\/#organization\"},\"potentialAction\":[{\"@type\":\"SearchAction\",\"target\":{\"@type\":\"EntryPoint\",\"urlTemplate\":\"https:\\\/\\\/opensciencedays.ch\\\/?s={search_term_string}\"},\"query-input\":{\"@type\":\"PropertyValueSpecification\",\"valueRequired\":true,\"valueName\":\"search_term_string\"}}],\"inLanguage\":\"fr-FR\"},{\"@type\":\"Organization\",\"@id\":\"https:\\\/\\\/opensciencedays.ch\\\/#organization\",\"name\":\"Sciences Ouvertes\",\"url\":\"https:\\\/\\\/opensciencedays.ch\\\/\",\"logo\":{\"@type\":\"ImageObject\",\"inLanguage\":\"fr-FR\",\"@id\":\"https:\\\/\\\/opensciencedays.ch\\\/#\\\/schema\\\/logo\\\/image\\\/\",\"url\":\"https:\\\/\\\/opensciencedays.ch\\\/wp-content\\\/uploads\\\/2024\\\/06\\\/Open-Science-Day-key-visual-RVB-transp.png\",\"contentUrl\":\"https:\\\/\\\/opensciencedays.ch\\\/wp-content\\\/uploads\\\/2024\\\/06\\\/Open-Science-Day-key-visual-RVB-transp.png\",\"width\":2869,\"height\":1984,\"caption\":\"Sciences Ouvertes\"},\"image\":{\"@id\":\"https:\\\/\\\/opensciencedays.ch\\\/#\\\/schema\\\/logo\\\/image\\\/\"}}]}<\/script>\n<!-- \/ Yoast SEO plugin. -->","yoast_head_json":{"title":"Infos pratiques - Sciences Ouvertes","robots":{"index":"index","follow":"follow","max-snippet":"max-snippet:-1","max-image-preview":"max-image-preview:large","max-video-preview":"max-video-preview:-1"},"canonical":"https:\/\/opensciencedays.ch\/fr\/infos-pratique\/","og_locale":"fr_FR","og_type":"article","og_title":"Infos pratiques - Sciences Ouvertes","og_description":"Cet \u00e9v\u00e9nement est enti\u00e8rement gratuit. Veuillez noter que les interventions pr\u00e9sent\u00e9es lors de cette conf\u00e9rence ne sont pas le r\u00e9sultat d&rsquo;un appel \u00e0 projet ou de soumissions revues par les pairs. Les pr\u00e9sentatrices et pr\u00e9sentateurs ont \u00e9t\u00e9 invit\u00e9s par les organisateurs de l&rsquo;\u00e9v\u00e9nement. Sponsors Partenaires","og_url":"https:\/\/opensciencedays.ch\/fr\/infos-pratique\/","og_site_name":"Sciences Ouvertes","article_modified_time":"2024-07-18T06:02:12+00:00","og_image":[{"url":"https:\/\/opensciencedays.ch\/wp-content\/uploads\/2024\/06\/swissuniversities-resize-1-1024x601.png","type":"","width":"","height":""}],"twitter_card":"summary_large_image","twitter_misc":{"Dur\u00e9e de lecture estim\u00e9e":"2 minutes"},"schema":{"@context":"https:\/\/schema.org","@graph":[{"@type":"WebPage","@id":"https:\/\/opensciencedays.ch\/infos-pratique\/","url":"https:\/\/opensciencedays.ch\/infos-pratique\/","name":"Infos pratiques - Sciences Ouvertes","isPartOf":{"@id":"https:\/\/opensciencedays.ch\/#website"},"primaryImageOfPage":{"@id":"https:\/\/opensciencedays.ch\/infos-pratique\/#primaryimage"},"image":{"@id":"https:\/\/opensciencedays.ch\/infos-pratique\/#primaryimage"},"thumbnailUrl":"https:\/\/opensciencedays.ch\/wp-content\/uploads\/2024\/06\/swissuniversities-resize-1-1024x601.png","datePublished":"2024-05-22T09:29:32+00:00","dateModified":"2024-07-18T06:02:12+00:00","breadcrumb":{"@id":"https:\/\/opensciencedays.ch\/infos-pratique\/#breadcrumb"},"inLanguage":"fr-FR","potentialAction":[{"@type":"ReadAction","target":["https:\/\/opensciencedays.ch\/infos-pratique\/"]}]},{"@type":"ImageObject","inLanguage":"fr-FR","@id":"https:\/\/opensciencedays.ch\/infos-pratique\/#primaryimage","url":"https:\/\/opensciencedays.ch\/wp-content\/uploads\/2024\/06\/swissuniversities-resize-1-1024x601.png","contentUrl":"https:\/\/opensciencedays.ch\/wp-content\/uploads\/2024\/06\/swissuniversities-resize-1-1024x601.png"},{"@type":"BreadcrumbList","@id":"https:\/\/opensciencedays.ch\/infos-pratique\/#breadcrumb","itemListElement":[{"@type":"ListItem","position":1,"name":"Accueil","item":"https:\/\/opensciencedays.ch\/"},{"@type":"ListItem","position":2,"name":"Infos pratiques"}]},{"@type":"WebSite","@id":"https:\/\/opensciencedays.ch\/#website","url":"https:\/\/opensciencedays.ch\/","name":"Sciences Ouvertes","description":"2 journ\u00e9es pour lib\u00e9rer la science","publisher":{"@id":"https:\/\/opensciencedays.ch\/#organization"},"potentialAction":[{"@type":"SearchAction","target":{"@type":"EntryPoint","urlTemplate":"https:\/\/opensciencedays.ch\/?s={search_term_string}"},"query-input":{"@type":"PropertyValueSpecification","valueRequired":true,"valueName":"search_term_string"}}],"inLanguage":"fr-FR"},{"@type":"Organization","@id":"https:\/\/opensciencedays.ch\/#organization","name":"Sciences Ouvertes","url":"https:\/\/opensciencedays.ch\/","logo":{"@type":"ImageObject","inLanguage":"fr-FR","@id":"https:\/\/opensciencedays.ch\/#\/schema\/logo\/image\/","url":"https:\/\/opensciencedays.ch\/wp-content\/uploads\/2024\/06\/Open-Science-Day-key-visual-RVB-transp.png","contentUrl":"https:\/\/opensciencedays.ch\/wp-content\/uploads\/2024\/06\/Open-Science-Day-key-visual-RVB-transp.png","width":2869,"height":1984,"caption":"Sciences Ouvertes"},"image":{"@id":"https:\/\/opensciencedays.ch\/#\/schema\/logo\/image\/"}}]}},"_links":{"self":[{"href":"http:\/\/opensciencedays.ch\/fr\/wp-json\/wp\/v2\/pages\/81","targetHints":{"allow":["GET"]}}],"collection":[{"href":"http:\/\/opensciencedays.ch\/fr\/wp-json\/wp\/v2\/pages"}],"about":[{"href":"http:\/\/opensciencedays.ch\/fr\/wp-json\/wp\/v2\/types\/page"}],"author":[{"embeddable":true,"href":"http:\/\/opensciencedays.ch\/fr\/wp-json\/wp\/v2\/users\/2"}],"replies":[{"embeddable":true,"href":"http:\/\/opensciencedays.ch\/fr\/wp-json\/wp\/v2\/comments?post=81"}],"version-history":[{"count":12,"href":"http:\/\/opensciencedays.ch\/fr\/wp-json\/wp\/v2\/pages\/81\/revisions"}],"predecessor-version":[{"id":311,"href":"http:\/\/opensciencedays.ch\/fr\/wp-json\/wp\/v2\/pages\/81\/revisions\/311"}],"wp:attachment":[{"href":"http:\/\/opensciencedays.ch\/fr\/wp-json\/wp\/v2\/media?parent=81"}],"curies":[{"name":"wp","href":"https:\/\/api.w.org\/{rel}","templated":true}]}}